{"id":1418,"date":"2023-12-18T16:16:42","date_gmt":"2023-12-18T08:16:42","guid":{"rendered":"http:\/\/adibo.ichuanghui.cn\/?page_id=1418"},"modified":"2025-12-24T14:37:42","modified_gmt":"2025-12-24T06:37:42","slug":"wlzc","status":"publish","type":"page","link":"https:\/\/www.adibo.com\/de\/wlzc","title":{"rendered":"Logistik Politik"},"content":{"rendered":"<div data-elementor-type=\"wp-page\" data-elementor-id=\"1418\" class=\"elementor elementor-1418\" data-elementor-post-type=\"page\">\n\t\t\t\t\t\t\t<div class=\"elementor-element elementor-element-118013a e-flex e-con-boxed e-con e-parent\" data-id=\"118013a\" data-element_type=\"container\" data-settings=\"{&quot;content_width&quot;:&quot;boxed&quot;}\" data-core-v316-plus=\"true\">\n\t\t\t\t\t<div class=\"e-con-inner\">\n\t\t\t\t<div class=\"elementor-element elementor-element-b148412 elementor-widget elementor-widget-heading\" data-id=\"b148412\" data-element_type=\"widget\" data-widget_type=\"heading.default\">\n\t\t\t\t<div class=\"elementor-widget-container\">\n\t\t\t<style>\/*! elementor - v3.17.0 - 25-10-2023 *\/\n.elementor-heading-title{padding:0;margin:0;line-height:1}.elementor-widget-heading .elementor-heading-title[class*=elementor-size-]>a{color:inherit;font-size:inherit;line-height:inherit}.elementor-widget-heading .elementor-heading-title.elementor-size-small{font-size:15px}.elementor-widget-heading .elementor-heading-title.elementor-size-medium{font-size:19px}.elementor-widget-heading .elementor-heading-title.elementor-size-large{font-size:29px}.elementor-widget-heading .elementor-heading-title.elementor-size-xl{font-size:39px}.elementor-widget-heading .elementor-heading-title.elementor-size-xxl{font-size:59px}<\/style><h2 class=\"elementor-heading-title elementor-size-default\">Versandbedingungen<\/h2>\t\t<\/div>\n\t\t\t\t<\/div>\n\t\t\t\t<div class=\"elementor-element elementor-element-6207c84 elementor-widget elementor-widget-text-editor\" data-id=\"6207c84\" data-element_type=\"widget\" data-widget_type=\"text-editor.default\">\n\t\t\t\t<div class=\"elementor-widget-container\">\n\t\t\t<style>\/*! elementor - v3.17.0 - 25-10-2023 *\/\n.elementor-widget-text-editor.elementor-drop-cap-view-stacked .elementor-drop-cap{background-color:#69727d;color:#fff}.elementor-widget-text-editor.elementor-drop-cap-view-framed .elementor-drop-cap{color:#69727d;border:3px solid;background-color:transparent}.elementor-widget-text-editor:not(.elementor-drop-cap-view-default) .elementor-drop-cap{margin-top:8px}.elementor-widget-text-editor:not(.elementor-drop-cap-view-default) .elementor-drop-cap-letter{width:1em;height:1em}.elementor-widget-text-editor .elementor-drop-cap{float:left;text-align:center;line-height:1;font-size:50px}.elementor-widget-text-editor .elementor-drop-cap-letter{display:inline-block}<\/style>\t\t\t\t<p><span class=\"spark-text\">Vielen Dank, dass Sie sich f\u00fcr ADIBO (www.adibo.com) als Ihre Einkaufsplattform entschieden haben. Um sicherzustellen, dass Sie bei Ihrem Einkauf das beste Serviceerlebnis haben, haben wir die folgenden Versandrichtlinien festgelegt:<\/span><\/p>\n<ol>\n<li><span class=\"spark-text\">Lieferbereich: Unser Lieferbereich deckt die meisten L\u00e4nder und Regionen der Welt ab. Spezifische Lieferinformationen finden Sie auf der Detailseite Ihrer Region.<\/span><\/li>\n<li><span class=\"spark-text\">Liefermethoden: Wir bieten eine Vielzahl von Liefermethoden zur Auswahl, einschlie\u00dflich Seefracht (30\u201350 Tage). Informationen zu spezifischen Versandmethoden finden Sie auf der Detailseite Ihrer Region.<\/span><\/li>\n<li><span class=\"spark-text\">Kundendienstkontakt: Wenn Sie Fragen haben, k\u00f6nnen Sie uns gerne \u00fcber die folgenden Methoden kontaktieren:<\/span>\n<ul>\n<li><span class=\"spark-text\">Kundendienst-E-Mail: adibo@adibo.com<\/span><\/li>\n<li><span class=\"spark-text\">Kundendiensttelefon: +86 400-000-9773<\/span><\/li>\n<\/ul>\n<\/li>\n<li><span class=\"spark-text\">Vom Zielland\/der Zielregion erhobene Einfuhrsteuern, Z\u00f6lle und Geb\u00fchren: Obwohl selten, kann beim internationalen Versand die Zahlung von Einfuhrsteuern, Z\u00f6llen und Geb\u00fchren erforderlich sein, die vom Zielland\/der Zielregion erhoben werden. F\u00fcr diese Kosten sind Sie verantwortlich. Es liegt in Ihrer Verantwortung, die Zollabfertigung der versendeten Waren durchzuf\u00fchren. Wenn Zollabfertigungsverfahren erforderlich sind, sind Sie f\u00fcr die direkte Zusammenarbeit mit der Reederei oder dem Zoll verantwortlich.<\/span><\/li>\n<li><span class=\"spark-text\">Vom Empf\u00e4nger verursachte Kosten wie Adress\u00e4nderungen, Paketaufbewahrung, R\u00fccksendegeb\u00fchren usw.: Der Empf\u00e4nger ist auch f\u00fcr die Zahlung der Kosten verantwortlich, die durch Adress\u00e4nderungen, Paketaufbewahrung, R\u00fccksendegeb\u00fchren usw. entstehen und dem Empf\u00e4nger entstehen. Bitte stellen Sie daher sicher, dass Sie \u00fcber die korrekten Adressinformationen verf\u00fcgen, einschlie\u00dflich einer hinterlegten Telefonnummer.<\/span><\/li>\n<\/ol>\n<p><span class=\"spark-text\">FAQ:<\/span><\/p>\n<ol>\n<li><span class=\"spark-text\">In welche L\u00e4nder versenden Sie?<\/span><\/li>\n<\/ol>\n<p><span class=\"spark-text\">We ship globally, excluding regions marked as restricted or high-risk by courier services, such as Belarus, Ivory Coast, Cuba, Democratic Republic of the Congo, Iran, Iraq, Lebanon, Liberia, North Korea, Sierra Leone, Sudan, Syria, and Zimbabwe.&nbsp;<\/span><\/p>\n<ol start=\"2\">\n<li><span class=\"spark-text\">Wann wird meine Bestellung versendet?<\/span><\/li>\n<\/ol>\n<p><span class=\"spark-text\">Unser Ziel ist es, alle Bestellungen zweimal pro Woche stapelweise zu versenden. *Das tats\u00e4chliche Versanddatum kann variieren. Wir halten Sie \u00fcber das Versanddatum Ihrer Produkte auf dem Laufenden.<\/span><\/p>\n<p><span class=\"spark-text\">Es ist wichtig, die korrekte Adresse und Telefonnummer zu hinterlegen. Falsche Adressangaben k\u00f6nnen zu sehr hohen R\u00fccksendekosten f\u00fchren.<\/span><\/p>\n<ol start=\"3\">\n<li><span class=\"spark-text\">Muss ich die europ\u00e4ische Mehrwertsteuer\/Umsatzsteuer zahlen?<\/span><\/li>\n<\/ol>\n<p><span class=\"spark-text\">Ja, der Betrag h\u00e4ngt von den Vorschriften Ihres Landes\/Ihrer Region ab.<\/span><\/p>\n<p><span class=\"spark-text\">Wir sind mit Hingabe f\u00fcr Sie da und freuen uns auf Ihren Besuch!<\/span><\/p>\t\t\t\t\t\t<\/div>\n\t\t\t\t<\/div>\n\t\t\t\t\t<\/div>\n\t\t\t\t<\/div>\n\t\t\t\t\t\t\t<\/div>","protected":false},"excerpt":{"rendered":"<p>Versandrichtlinien Vielen Dank, dass Sie ADIBO (www.adibo.com) als Ihre Einkaufsplattform gew\u00e4hlt haben. Um sicherzustellen, dass Sie beim Einkaufen das beste Serviceerlebnis haben, haben wir die folgenden Versandrichtlinien festgelegt: Lieferbereich: Unser Lieferbereich deckt die meisten L\u00e4nder und Regionen der Welt ab. Informationen zu spezifischen Lieferbedingungen finden Sie auf der Detailseite Ihrer Region \u2026<\/p>\n<p class=\"read-more\"> <a class=\"\" href=\"https:\/\/www.adibo.com\/de\/wlzc\"> <span class=\"screen-reader-text\">Logistik Politik<\/span> Weiterlesen \u00bb<\/a><\/p>","protected":false},"author":1,"featured_media":0,"parent":0,"menu_order":0,"comment_status":"closed","ping_status":"closed","template":"","meta":{"om_disable_all_campaigns":false,"site-sidebar-layout":"no-sidebar","site-content-layout":"page-builder","ast-site-content-layout":"full-width-container","site-content-style":"default","site-sidebar-style":"default","ast-global-header-display":"","ast-banner-title-visibility":"","ast-main-header-display":"","ast-hfb-above-header-display":"","ast-hfb-below-header-display":"","ast-hfb-mobile-header-display":"","site-post-title":"disabled","ast-breadcrumbs-content":"","ast-featured-img":"disabled","footer-sml-layout":"","theme-transparent-header-meta":"default","adv-header-id-meta":"","stick-header-meta":"default","header-above-stick-meta":"","header-main-stick-meta":"","header-below-stick-meta":"","astra-migrate-meta-layouts":"set","ast-page-background-enabled":"default","ast-page-background-meta":{"desktop":{"background-color":"var(--ast-global-color-4)","background-image":"","background-repeat":"repeat","background-position":"center center","background-size":"auto","background-attachment":"scroll","background-type":"","background-media":"","overlay-type":"","overlay-color":"","overlay-gradient":""},"tablet":{"background-color":"","background-image":"","background-repeat":"repeat","background-position":"center center","background-size":"auto","background-attachment":"scroll","background-type":"","background-media":"","overlay-type":"","overlay-color":"","overlay-gradient":""},"mobile":{"background-color":"","background-image":"","background-repeat":"repeat","background-position":"center center","background-size":"auto","background-attachment":"scroll","background-type":"","background-media":"","overlay-type":"","overlay-color":"","overlay-gradient":""}},"ast-content-background-meta":{"desktop":{"background-color":"var(--ast-global-color-5)","background-image":"","background-repeat":"repeat","background-position":"center center","background-size":"auto","background-attachment":"scroll","background-type":"","background-media":"","overlay-type":"","overlay-color":"","overlay-gradient":""},"tablet":{"background-color":"var(--ast-global-color-5)","background-image":"","background-repeat":"repeat","background-position":"center center","background-size":"auto","background-attachment":"scroll","background-type":"","background-media":"","overlay-type":"","overlay-color":"","overlay-gradient":""},"mobile":{"background-color":"var(--ast-global-color-5)","background-image":"","background-repeat":"repeat","background-position":"center center","background-size":"auto","background-attachment":"scroll","background-type":"","background-media":"","overlay-type":"","overlay-color":"","overlay-gradient":""}},"footnotes":""},"class_list":["post-1418","page","type-page","status-publish","hentry"],"_links":{"self":[{"href":"https:\/\/www.adibo.com\/de\/wp-json\/wp\/v2\/pages\/1418","targetHints":{"allow":["GET"]}}],"collection":[{"href":"https:\/\/www.adibo.com\/de\/wp-json\/wp\/v2\/pages"}],"about":[{"href":"https:\/\/www.adibo.com\/de\/wp-json\/wp\/v2\/types\/page"}],"author":[{"embeddable":true,"href":"https:\/\/www.adibo.com\/de\/wp-json\/wp\/v2\/users\/1"}],"replies":[{"embeddable":true,"href":"https:\/\/www.adibo.com\/de\/wp-json\/wp\/v2\/comments?post=1418"}],"version-history":[{"count":3,"href":"https:\/\/www.adibo.com\/de\/wp-json\/wp\/v2\/pages\/1418\/revisions"}],"predecessor-version":[{"id":3088,"href":"https:\/\/www.adibo.com\/de\/wp-json\/wp\/v2\/pages\/1418\/revisions\/3088"}],"wp:attachment":[{"href":"https:\/\/www.adibo.com\/de\/wp-json\/wp\/v2\/media?parent=1418"}],"curies":[{"name":"wp","href":"https:\/\/api.w.org\/{rel}","templated":true}]}}