{"id":1471,"date":"2023-12-21T13:30:50","date_gmt":"2023-12-21T05:30:50","guid":{"rendered":"http:\/\/adibo.ichuanghui.cn\/?page_id=1471"},"modified":"2024-03-29T10:50:23","modified_gmt":"2024-03-29T02:50:23","slug":"fhzc","status":"publish","type":"page","link":"https:\/\/www.adibo.com\/de\/fhzc","title":{"rendered":"Nutzungsbedingungen"},"content":{"rendered":"<div data-elementor-type=\"wp-page\" data-elementor-id=\"1471\" class=\"elementor elementor-1471\" data-elementor-post-type=\"page\">\n\t\t\t\t\t\t\t<div class=\"elementor-element elementor-element-46f36f7 e-flex e-con-boxed e-con e-parent\" data-id=\"46f36f7\" data-element_type=\"container\" data-settings=\"{&quot;content_width&quot;:&quot;boxed&quot;}\" data-core-v316-plus=\"true\">\n\t\t\t\t\t<div class=\"e-con-inner\">\n\t\t\t\t<div class=\"elementor-element elementor-element-0f722b7 elementor-widget elementor-widget-heading\" data-id=\"0f722b7\" data-element_type=\"widget\" data-widget_type=\"heading.default\">\n\t\t\t\t<div class=\"elementor-widget-container\">\n\t\t\t<style>\/*! elementor - v3.17.0 - 25-10-2023 *\/\n.elementor-heading-title{padding:0;margin:0;line-height:1}.elementor-widget-heading .elementor-heading-title[class*=elementor-size-]>a{color:inherit;font-size:inherit;line-height:inherit}.elementor-widget-heading .elementor-heading-title.elementor-size-small{font-size:15px}.elementor-widget-heading .elementor-heading-title.elementor-size-medium{font-size:19px}.elementor-widget-heading .elementor-heading-title.elementor-size-large{font-size:29px}.elementor-widget-heading .elementor-heading-title.elementor-size-xl{font-size:39px}.elementor-widget-heading .elementor-heading-title.elementor-size-xxl{font-size:59px}<\/style><h2 class=\"elementor-heading-title elementor-size-default\">Nutzungsbedingungen<\/h2>\t\t<\/div>\n\t\t\t\t<\/div>\n\t\t\t\t<div class=\"elementor-element elementor-element-f4da18b elementor-widget elementor-widget-text-editor\" data-id=\"f4da18b\" data-element_type=\"widget\" data-widget_type=\"text-editor.default\">\n\t\t\t\t<div class=\"elementor-widget-container\">\n\t\t\t<style>\/*! elementor - v3.17.0 - 25-10-2023 *\/\n.elementor-widget-text-editor.elementor-drop-cap-view-stacked .elementor-drop-cap{background-color:#69727d;color:#fff}.elementor-widget-text-editor.elementor-drop-cap-view-framed .elementor-drop-cap{color:#69727d;border:3px solid;background-color:transparent}.elementor-widget-text-editor:not(.elementor-drop-cap-view-default) .elementor-drop-cap{margin-top:8px}.elementor-widget-text-editor:not(.elementor-drop-cap-view-default) .elementor-drop-cap-letter{width:1em;height:1em}.elementor-widget-text-editor .elementor-drop-cap{float:left;text-align:center;line-height:1;font-size:50px}.elementor-widget-text-editor .elementor-drop-cap-letter{display:inline-block}<\/style>\t\t\t\t<div id=\"content\" class=\"site-content\">\n<div class=\"ast-container\">\n<div id=\"primary\" class=\"content-area primary\">\n<p><\/p><main id=\"main\" class=\"site-main\"><p><\/p>\n<article id=\"post-2607\" class=\"post-2607 page type-page status-publish ast-article-single\">\n<div class=\"entry-content clear\">\n<div class=\"elementor elementor-2607\" data-elementor-type=\"wp-page\" data-elementor-id=\"2607\" data-elementor-post-type=\"page\">\n<div class=\"elementor-element elementor-element-6736d0fb e-flex e-con-boxed e-con e-parent\" data-id=\"6736d0fb\" data-element_type=\"container\" data-settings=\"{&quot;content_width&quot;:&quot;boxed&quot;}\" data-core-v316-plus=\"true\">\n<div class=\"e-con-inner\">\n<div class=\"elementor-element elementor-element-18d01d5e elementor-widget elementor-widget-text-editor\" data-id=\"18d01d5e\" data-element_type=\"widget\" data-widget_type=\"text-editor.default\">\n<div class=\"elementor-widget-container\">\n<div id=\"content\" class=\"site-content\">\n<div class=\"ast-container\">\n<div id=\"primary\" class=\"content-area primary\">\n<p><\/p><main id=\"main\" class=\"site-main\"><p><\/p>\n<article id=\"post-2607\" class=\"post-2607 page type-page status-publish ast-article-single\">\n<div class=\"entry-content clear\">\n<div class=\"elementor elementor-2607\" data-elementor-type=\"wp-page\" data-elementor-id=\"2607\" data-elementor-post-type=\"page\">\n<div class=\"elementor-element elementor-element-6736d0fb e-flex e-con-boxed e-con e-parent\" data-id=\"6736d0fb\" data-element_type=\"container\" data-settings=\"{&quot;content_width&quot;:&quot;boxed&quot;}\" data-core-v316-plus=\"true\">\n<div class=\"e-con-inner\">\n<div class=\"elementor-element elementor-element-18d01d5e elementor-widget elementor-widget-text-editor\" data-id=\"18d01d5e\" data-element_type=\"widget\" data-widget_type=\"text-editor.default\">\n<div class=\"elementor-widget-container\">\n<p><strong><span class=\"spark-text\">1. Einleitung<\/span><\/strong><\/p>\n<p><span class=\"spark-text\">Willkommen im ADIBO Global Shopping Mall (im Folgenden als \u201edieses Einkaufszentrum\u201c bezeichnet). Wir bieten eine Vielzahl von Badminton-Trainingsprodukten an, darunter Badminton-Federballmaschinen, Badminton-Kehrger\u00e4te, Trainerassistenten usw. Bitte lesen Sie die folgenden Servicebedingungen sorgf\u00e4ltig durch, bevor Sie in unserem Shop einkaufen. Wenn Sie auf diesen Shop zugreifen oder ihn nutzen, erkl\u00e4ren Sie sich mit diesen Servicebedingungen einverstanden.<\/span><\/p>\n<p><strong><span class=\"spark-text\">2. Kontoregistrierung und -nutzung<\/span><\/strong><\/p>\n<p><span class=\"spark-text\">Um auf dieser Website einzukaufen, m\u00fcssen Sie ein Konto erstellen. Sie erkl\u00e4ren sich damit einverstanden, genaue, vollst\u00e4ndige und aktuelle Registrierungsinformationen bereitzustellen und deren Richtigkeit und Aktualit\u00e4t zu wahren. Sie tragen die volle Verantwortung f\u00fcr Ihr Konto und Ihr Passwort und haften f\u00fcr jede unbefugte Nutzung.<\/span><\/p>\n<p><strong><span class=\"spark-text\">3. Produktbeschreibungen und Preise<\/span><\/strong><\/p>\n<p><span class=\"spark-text\">Wir sind bestrebt, die Richtigkeit der Produktbeschreibungen sicherzustellen; Einige Produkte entsprechen jedoch m\u00f6glicherweise nicht genau der Beschreibung. Wir behalten uns das Recht vor, Produktpreise und Beschreibungen jederzeit und ohne vorherige Ank\u00fcndigung zu \u00e4ndern. Alle angezeigten Preise sind in US-Dollar (USD) angegeben und enthalten die angegebenen Steuern.<\/span><\/p>\n<p><strong><span class=\"spark-text\">4. Auftragsabwicklung<\/span><\/strong><\/p>\n<p><span class=\"spark-text\">Wenn Sie auf dieser Website eine Bestellung aufgeben, erhalten Sie eine Bestellbest\u00e4tigung per E-Mail. Dies zeigt an, dass wir Ihre Bestellung erhalten haben und diese bearbeiten. Erst nach dem Versand der Ware senden wir Ihnen eine Versandbest\u00e4tigung per E-Mail.<\/span><\/p>\n<p><strong><span class=\"spark-text\">5. Versandbedingungen<\/span><\/strong><\/p>\n<p><span class=\"spark-text\">Wir bieten weltweite Versanddienstleistungen an. Spezifische Versandzeiten und -kosten variieren je nach Ihrem geografischen Standort und der gew\u00e4hlten Versandart.<\/span><\/p>\n<p><strong><span class=\"spark-text\">6. R\u00fcckgabe und R\u00fcckerstattung<\/span><\/strong><\/p>\n<p><span class=\"spark-text\">Wenn Sie mit Ihrem Kauf nicht zufrieden sind, k\u00f6nnen Sie die unbenutzte Ware innerhalb von 7 Tagen nach Erhalt gegen R\u00fcckerstattung oder Umtausch zur\u00fcckgeben. Weitere Informationen finden Sie in unseren R\u00fcckgabebedingungen.<\/span><\/p>\n<p><strong><span class=\"spark-text\">7. Datenschutzrichtlinie<\/span><\/strong><\/p>\n<p><span class=\"spark-text\">Wir respektieren Ihre Privatsph\u00e4re und werden die Sicherheit Ihrer pers\u00f6nlichen Daten streng sch\u00fctzen. Bitte lesen Sie unsere Datenschutzrichtlinie, um zu verstehen, wie wir Ihre pers\u00f6nlichen Daten erfassen, verwenden und offenlegen.<\/span><\/p>\n<p><strong><span class=\"spark-text\">8. Urheberrecht und Markenzeichen<\/span><\/strong><\/p>\n<p><span class=\"spark-text\">Der gesamte Inhalt dieser Website, einschlie\u00dflich, aber nicht beschr\u00e4nkt auf Texte, Bilder, Logos, Schaltfl\u00e4chensymbole, Skripte und Software, ist durch Urheberrechte, Marken und andere Gesetze gesch\u00fctzt. Ohne unsere ausdr\u00fcckliche schriftliche Genehmigung darf kein Material verwendet werden.<\/span><\/p>\n<p><strong><span class=\"spark-text\">9. Gew\u00e4hrleistungsausschluss<\/span><\/strong><\/p>\n<p><span class=\"spark-text\">Wir \u00fcbernehmen keine Gew\u00e4hr f\u00fcr indirekte, besondere, zuf\u00e4llige oder Folgesch\u00e4den, einschlie\u00dflich, aber nicht beschr\u00e4nkt auf Sch\u00e4den, die sich aus oder im Zusammenhang mit der Nutzung oder Unm\u00f6glichkeit der Nutzung dieser Website oder ihres Inhalts ergeben.<\/span><\/p>\n<p><strong><span class=\"spark-text\">10. Anwendbares Recht und Streitbeilegung<\/span><\/strong><\/p>\n<p><span class=\"spark-text\">Diese Nutzungsbedingungen unterliegen den Gesetzen von [anwendbarem Land\/anwendbarer Region] und werden nach diesen Gesetzen ausgelegt. Jeder Streit muss zun\u00e4chst durch freundschaftliche Verhandlungen gel\u00f6st werden. Scheitert die Verhandlung, wird die Streitigkeit zur Beilegung an [ein bestimmtes Gericht oder eine bestimmte Schiedsinstitution] weitergeleitet.<\/span><\/p>\n<p><strong><span class=\"spark-text\">11. \u00c4nderungen der Bedingungen<\/span><\/strong><\/p>\n<p><span class=\"spark-text\">Wir behalten uns das Recht vor, diese Nutzungsbedingungen jederzeit zu \u00e4ndern und werden Sie durch die Aktualisierung dieser Seite benachrichtigen. Durch Ihre fortgesetzte Nutzung dieser Website erkl\u00e4ren Sie sich mit solchen \u00c4nderungen einverstanden.<\/span><\/p>\n<\/div>\n<\/div>\n<\/div>\n<\/div>\n<\/div>\n<\/div>\n<\/article>\n<p><\/p><\/main><\/div>\n<\/div>\n<\/div>\n<\/div>\n<\/div>\n<\/div>\n<\/div>\n<\/div>\n<\/div>\n<\/article>\n<p><\/p><\/main><\/div>\n<\/div>\n<\/div>\t\t\t\t\t\t<\/div>\n\t\t\t\t<\/div>\n\t\t\t\t\t<\/div>\n\t\t\t\t<\/div>\n\t\t\t\t\t\t\t<\/div>","protected":false},"excerpt":{"rendered":"<p>Servicebedingungen 1. Einleitung Willkommen im ADIBO Global Shopping Mall (im Folgenden \u201edieses Einkaufszentrum\u201c genannt). Wir bieten eine Vielzahl von Badminton-Trainingsprodukten an, darunter Badminton-Federballmaschinen, Badminton-Sweeper, Trainerassistenten usw. Lesen Sie vor dem Einkauf in unserem Gesch\u00e4ft bitte sorgf\u00e4ltig die folgenden Servicebedingungen durch. Wenn Sie auf dieses Gesch\u00e4ft zugreifen oder es nutzen, stimmen Sie zu \u2026<\/p>\n<p class=\"read-more\"> <a class=\"\" href=\"https:\/\/www.adibo.com\/de\/fhzc\"> <span class=\"screen-reader-text\">Nutzungsbedingungen<\/span> Weiterlesen \u00bb<\/a><\/p>","protected":false},"author":1,"featured_media":0,"parent":0,"menu_order":0,"comment_status":"closed","ping_status":"closed","template":"","meta":{"om_disable_all_campaigns":false,"site-sidebar-layout":"no-sidebar","site-content-layout":"page-builder","ast-site-content-layout":"full-width-container","site-content-style":"default","site-sidebar-style":"default","ast-global-header-display":"","ast-banner-title-visibility":"","ast-main-header-display":"","ast-hfb-above-header-display":"","ast-hfb-below-header-display":"","ast-hfb-mobile-header-display":"","site-post-title":"disabled","ast-breadcrumbs-content":"","ast-featured-img":"disabled","footer-sml-layout":"","theme-transparent-header-meta":"default","adv-header-id-meta":"","stick-header-meta":"default","header-above-stick-meta":"","header-main-stick-meta":"","header-below-stick-meta":"","astra-migrate-meta-layouts":"set","ast-page-background-enabled":"default","ast-page-background-meta":{"desktop":{"background-color":"var(--ast-global-color-4)","background-image":"","background-repeat":"repeat","background-position":"center center","background-size":"auto","background-attachment":"scroll","background-type":"","background-media":"","overlay-type":"","overlay-color":"","overlay-gradient":""},"tablet":{"background-color":"","background-image":"","background-repeat":"repeat","background-position":"center center","background-size":"auto","background-attachment":"scroll","background-type":"","background-media":"","overlay-type":"","overlay-color":"","overlay-gradient":""},"mobile":{"background-color":"","background-image":"","background-repeat":"repeat","background-position":"center center","background-size":"auto","background-attachment":"scroll","background-type":"","background-media":"","overlay-type":"","overlay-color":"","overlay-gradient":""}},"ast-content-background-meta":{"desktop":{"background-color":"var(--ast-global-color-5)","background-image":"","background-repeat":"repeat","background-position":"center center","background-size":"auto","background-attachment":"scroll","background-type":"","background-media":"","overlay-type":"","overlay-color":"","overlay-gradient":""},"tablet":{"background-color":"var(--ast-global-color-5)","background-image":"","background-repeat":"repeat","background-position":"center center","background-size":"auto","background-attachment":"scroll","background-type":"","background-media":"","overlay-type":"","overlay-color":"","overlay-gradient":""},"mobile":{"background-color":"var(--ast-global-color-5)","background-image":"","background-repeat":"repeat","background-position":"center center","background-size":"auto","background-attachment":"scroll","background-type":"","background-media":"","overlay-type":"","overlay-color":"","overlay-gradient":""}},"footnotes":""},"class_list":["post-1471","page","type-page","status-publish","hentry"],"_links":{"self":[{"href":"https:\/\/www.adibo.com\/de\/wp-json\/wp\/v2\/pages\/1471","targetHints":{"allow":["GET"]}}],"collection":[{"href":"https:\/\/www.adibo.com\/de\/wp-json\/wp\/v2\/pages"}],"about":[{"href":"https:\/\/www.adibo.com\/de\/wp-json\/wp\/v2\/types\/page"}],"author":[{"embeddable":true,"href":"https:\/\/www.adibo.com\/de\/wp-json\/wp\/v2\/users\/1"}],"replies":[{"embeddable":true,"href":"https:\/\/www.adibo.com\/de\/wp-json\/wp\/v2\/comments?post=1471"}],"version-history":[{"count":0,"href":"https:\/\/www.adibo.com\/de\/wp-json\/wp\/v2\/pages\/1471\/revisions"}],"wp:attachment":[{"href":"https:\/\/www.adibo.com\/de\/wp-json\/wp\/v2\/media?parent=1471"}],"curies":[{"name":"wp","href":"https:\/\/api.w.org\/{rel}","templated":true}]}}