{"id":1475,"date":"2023-12-21T13:31:50","date_gmt":"2023-12-21T05:31:50","guid":{"rendered":"http:\/\/adibo.ichuanghui.cn\/?page_id=1475"},"modified":"2024-03-29T11:40:53","modified_gmt":"2024-03-29T03:40:53","slug":"privacy-policy","status":"publish","type":"page","link":"https:\/\/www.adibo.com\/de\/privacy-policy","title":{"rendered":"Datenschutzerkl\u00e4rung"},"content":{"rendered":"<div data-elementor-type=\"wp-page\" data-elementor-id=\"1475\" class=\"elementor elementor-1475\" data-elementor-post-type=\"page\">\n\t\t\t\t\t\t\t<div class=\"elementor-element elementor-element-48ad4cc e-flex e-con-boxed e-con e-parent\" data-id=\"48ad4cc\" data-element_type=\"container\" data-settings=\"{&quot;content_width&quot;:&quot;boxed&quot;}\" data-core-v316-plus=\"true\">\n\t\t\t\t\t<div class=\"e-con-inner\">\n\t\t\t\t<div class=\"elementor-element elementor-element-db715d1 elementor-widget elementor-widget-heading\" data-id=\"db715d1\" data-element_type=\"widget\" data-widget_type=\"heading.default\">\n\t\t\t\t<div class=\"elementor-widget-container\">\n\t\t\t<style>\/*! elementor - v3.17.0 - 25-10-2023 *\/\n.elementor-heading-title{padding:0;margin:0;line-height:1}.elementor-widget-heading .elementor-heading-title[class*=elementor-size-]>a{color:inherit;font-size:inherit;line-height:inherit}.elementor-widget-heading .elementor-heading-title.elementor-size-small{font-size:15px}.elementor-widget-heading .elementor-heading-title.elementor-size-medium{font-size:19px}.elementor-widget-heading .elementor-heading-title.elementor-size-large{font-size:29px}.elementor-widget-heading .elementor-heading-title.elementor-size-xl{font-size:39px}.elementor-widget-heading .elementor-heading-title.elementor-size-xxl{font-size:59px}<\/style><h2 class=\"elementor-heading-title elementor-size-default\">Datenschutzerkl\u00e4rung<\/h2>\t\t<\/div>\n\t\t\t\t<\/div>\n\t\t\t\t<div class=\"elementor-element elementor-element-2218c4d elementor-widget elementor-widget-text-editor\" data-id=\"2218c4d\" data-element_type=\"widget\" data-widget_type=\"text-editor.default\">\n\t\t\t\t<div class=\"elementor-widget-container\">\n\t\t\t<style>\/*! elementor - v3.17.0 - 25-10-2023 *\/\n.elementor-widget-text-editor.elementor-drop-cap-view-stacked .elementor-drop-cap{background-color:#69727d;color:#fff}.elementor-widget-text-editor.elementor-drop-cap-view-framed .elementor-drop-cap{color:#69727d;border:3px solid;background-color:transparent}.elementor-widget-text-editor:not(.elementor-drop-cap-view-default) .elementor-drop-cap{margin-top:8px}.elementor-widget-text-editor:not(.elementor-drop-cap-view-default) .elementor-drop-cap-letter{width:1em;height:1em}.elementor-widget-text-editor .elementor-drop-cap{float:left;text-align:center;line-height:1;font-size:50px}.elementor-widget-text-editor .elementor-drop-cap-letter{display:inline-block}<\/style>\t\t\t\t<p><span class=\"spark-text\">Wir respektieren Ihre Privatsph\u00e4re zutiefst und verpflichten uns zum Schutz Ihrer pers\u00f6nlichen Daten. Diese Datenschutzrichtlinie soll beschreiben, wie wir Ihre pers\u00f6nlichen Daten sammeln, verwenden und weitergeben, wenn Sie www.adibo.com (im Folgenden als \u201eWebsite\u201c bezeichnet) besuchen oder dort einkaufen.<\/span><\/p>\n<p><span class=\"spark-text\">Pers\u00f6nliche Informationen, die wir sammeln<\/span><\/p>\n<p><span class=\"spark-text\">Wenn Sie die Website besuchen, erfassen wir automatisch bestimmte Informationen \u00fcber Ihr Ger\u00e4t, einschlie\u00dflich Ihres Webbrowsers, Ihrer IP-Adresse, Ihrer Zeitzone und einiger auf Ihrem Ger\u00e4t installierter Cookie-Informationen. Dar\u00fcber hinaus erfassen wir beim Surfen auf der Website auch Informationen \u00fcber die einzelnen Webseiten oder Produkte, die Sie ansehen, die Websites oder Suchbegriffe, die Sie auf die Website verwiesen haben, und dar\u00fcber, wie Sie mit der Website interagieren. Wir bezeichnen diese automatisch erfassten Informationen als \u201eGer\u00e4teinformationen\u201c.<\/span><\/p>\n<p><span class=\"spark-text\">Wir verwenden die folgenden Technologien, um Ger\u00e4teinformationen zu sammeln:<\/span><\/p>\n<p><span class=\"spark-text\">\u201eCookies\u201c sind Datendateien, die auf Ihrem Ger\u00e4t oder Computer abgelegt werden und in der Regel eine eindeutige anonyme Kennung enthalten. Weitere Informationen zu Cookies und deren Deaktivierung finden Sie unter http:\/\/www.allaboutcookies.org.<\/span><\/p>\n<p><span class=\"spark-text\">\u201eProtokolldateien\u201c verfolgen die auf der Website stattfindenden Aktionen und sammeln Daten, einschlie\u00dflich Ihrer IP-Adresse, Ihres Browsertyps, Ihres Internetdienstanbieters, Ihrer Verweis-\/Ausstiegsseiten sowie Datums-\/Zeitstempel.<\/span><\/p>\n<p><span class=\"spark-text\">\u201eWeb Beacons\u201c, \u201eTags\u201c und \u201ePixel\u201c sind elektronische Dateien, die dazu dienen, aufzuzeichnen, wie Sie auf der Website surfen.<\/span><\/p>\n<p><span class=\"spark-text\">Wenn Sie \u00fcber die Website einen Kauf t\u00e4tigen oder versuchen, einen Kauf zu t\u00e4tigen, erfassen wir au\u00dferdem bestimmte Informationen von Ihnen, einschlie\u00dflich Ihres Namens, Ihrer Rechnungsadresse, Lieferadresse, Zahlungsinformationen (einschlie\u00dflich Kreditkartennummern [[f\u00fcgen Sie alle anderen akzeptierten Zahlungsmethoden ein]] ]), E-Mail-Adresse und Telefonnummer. Wir bezeichnen diese Informationen als \u201eBestellinformationen\u201c.<\/span><\/p>\n<p><span class=\"spark-text\">Wenn wir in dieser Datenschutzrichtlinie von \u201epers\u00f6nlichen Daten\u201c sprechen, sprechen wir von Ger\u00e4teinformationen und Bestellinformationen.<\/span><\/p>\n<p><span class=\"spark-text\">Wie wir Ihre pers\u00f6nlichen Daten verwenden<\/span><\/p>\n<p><span class=\"spark-text\">Im Allgemeinen verwenden wir die von uns gesammelten Bestellinformationen, um alle \u00fcber die Website aufgegebenen Bestellungen auszuf\u00fchren (einschlie\u00dflich der Verarbeitung Ihrer Zahlungsinformationen, der Organisation der Lieferung und der Bereitstellung von Rechnungen und\/oder Bestellbest\u00e4tigungen). Dar\u00fcber hinaus verwenden wir diese Bestellinformationen, um:<\/span><\/p>\n<p><span class=\"spark-text\">Mit dir kommunizieren;<\/span>&nbsp;<span class=\"spark-text\">\u00dcberpr\u00fcfen Sie unsere Bestellungen auf potenzielle Risiken oder Betrug. Und<\/span>&nbsp;<span class=\"spark-text\">Um Ihnen Informationen oder Werbung zu unseren Produkten oder Dienstleistungen bereitzustellen, basierend auf den Pr\u00e4ferenzen, die Sie uns mitteilen.<\/span><\/p>\n<p><span class=\"spark-text\">Weitergabe Ihrer pers\u00f6nlichen Daten<\/span><\/p>\n<p><span class=\"spark-text\">Wie oben beschrieben geben wir Ihre personenbezogenen Daten an Dritte weiter, um uns bei der Nutzung Ihrer personenbezogenen Daten zu unterst\u00fctzen. Zum Beispiel verwenden wir WooCommerce, um unseren Online-Shop zu betreiben. Mehr dar\u00fcber, wie WooCommerce Ihre pers\u00f6nlichen Daten verwendet, k\u00f6nnen Sie hier lesen: [Link einf\u00fcgen]. Wir k\u00f6nnen Ihre personenbezogenen Daten auch an andere Dritte weitergeben, beispielsweise an Logistikunternehmen, um die Lieferung Ihrer Bestellungen zu arrangieren.<\/span><\/p>\n<p><span class=\"spark-text\">Schlie\u00dflich k\u00f6nnen wir Ihre personenbezogenen Daten auch weitergeben, um geltende Gesetze und Vorschriften einzuhalten, auf Vorladungen, Durchsuchungsbefehle oder andere rechtm\u00e4\u00dfige Informationsanfragen, die wir erhalten, zu reagieren oder um unsere Rechte anderweitig zu sch\u00fctzen.<\/span><\/p>\n<p><span class=\"spark-text\">Verhaltensbezogene Werbung<\/span><\/p>\n<p><span class=\"spark-text\">Wie oben beschrieben verwenden wir Ihre personenbezogenen Daten, um Ihnen gezielte Werbung oder Marketingmitteilungen zukommen zu lassen, von denen wir glauben, dass sie f\u00fcr Sie von Interesse sein k\u00f6nnten. Weitere Informationen dar\u00fcber, wie zielgerichtete Werbung funktioniert, finden Sie auf der Bildungsseite der Network Advertising Initiative (\u201eNAI\u201c) unter http:\/\/www.networkadvertising.org\/understanding-online-advertising\/how-does-it-work.<\/span><\/p>\n<p><span class=\"spark-text\">Sie k\u00f6nnen gezielte Werbung deaktivieren, indem Sie die folgenden Links verwenden:<\/span><\/p>\n<p><span class=\"spark-text\">Facebook: https:\/\/www.facebook.com\/settings\/?tab=ads<\/span>&nbsp;<span class=\"spark-text\">Google: https:\/\/www.google.com\/settings\/ads\/anonymous<\/span>&nbsp;<span class=\"spark-text\">Bing: https:\/\/advertise.bingads.microsoft.com\/en-us\/resources\/policies\/personalized-ads<\/span>&nbsp;<span class=\"spark-text\">Dar\u00fcber hinaus k\u00f6nnen Sie sich von einigen dieser Dienste abmelden, indem Sie das Opt-out-Portal der Digital Advertising Alliance unter http:\/\/optout.aboutads.info\/ besuchen.<\/span><\/p>\n<p><span class=\"spark-text\">Nicht verfolgen<\/span><\/p>\n<p><span class=\"spark-text\">Bitte beachten Sie, dass wir die Datenerfassungs- und -nutzungspraktiken unserer Website nicht \u00e4ndern, wenn wir ein \u201eDo Not Track\u201c-Signal von Ihrem Browser sehen.<\/span><\/p>\n<p><span class=\"spark-text\">Deine Rechte<\/span><\/p>\n<p><span class=\"spark-text\">Wenn Sie in Europa ans\u00e4ssig sind, haben Sie das Recht, auf die pers\u00f6nlichen Daten zuzugreifen, die wir \u00fcber Sie gespeichert haben, und zu verlangen, dass Ihre pers\u00f6nlichen Daten korrigiert, aktualisiert oder gel\u00f6scht werden. Wenn Sie von diesem Recht Gebrauch machen m\u00f6chten, kontaktieren Sie uns bitte \u00fcber die untenstehenden Kontaktinformationen.<\/span><\/p>\n<p><span class=\"spark-text\">Wenn Sie in Europa ans\u00e4ssig sind, beachten wir au\u00dferdem, dass wir Ihre Daten verarbeiten, um Vertr\u00e4ge zu erf\u00fcllen, die wir m\u00f6glicherweise mit Ihnen haben (z. B. wenn Sie \u00fcber die Website eine Bestellung aufgeben), oder um anderweitig unsere oben dargelegten berechtigten Gesch\u00e4ftsinteressen zu verfolgen . Bitte beachten Sie au\u00dferdem, dass Ihre Daten au\u00dferhalb Europas \u00fcbertragen werden, einschlie\u00dflich nach Kanada und in die Vereinigten Staaten.<\/span><\/p>\n<p><span class=\"spark-text\">Vorratsdatenspeicherung<\/span><\/p>\n<p><span class=\"spark-text\">Wenn Sie \u00fcber die Website eine Bestellung aufgeben, bewahren wir Ihre Bestellinformationen f\u00fcr unsere Unterlagen auf, es sei denn, Sie bitten uns, diese Informationen zu l\u00f6schen.<\/span><\/p>\n<p><span class=\"spark-text\">\u00c4nderungen<\/span><\/p>\n<p><span class=\"spark-text\">Wir k\u00f6nnen diese Datenschutzrichtlinie von Zeit zu Zeit aktualisieren, um beispielsweise \u00c4nderungen an unseren Praktiken oder aus anderen betrieblichen, rechtlichen oder regulatorischen Gr\u00fcnden Rechnung zu tragen.<\/span><\/p>\n<p><span class=\"spark-text\">Minderj\u00e4hrige<\/span><\/p>\n<p><span class=\"spark-text\">Die Website ist nicht f\u00fcr Personen unter [18] Jahren bestimmt.<\/span><\/p>\n<p><span class=\"spark-text\">Kontaktiere uns<\/span><\/p>\n<p><span class=\"spark-text\">F\u00fcr weitere Informationen zu unseren Datenschutzpraktiken, wenn Sie Fragen haben oder eine Beschwerde einreichen m\u00f6chten, kontaktieren Sie uns bitte per E-Mail unter adibo@adibo.com oder per Post unter den unten angegebenen Kontaktdaten:<\/span><\/p>\n<p><span class=\"spark-text\">Offizieller Adibo-Shop<\/span><br>305, 3. Etage, Geb\u00e4ude 2, Hui Sheng Da Industrial Park, Nr. 29 Qingcui Road, Qinghu Community, Longhua Street, Longhua District, Stadt Shenzhen, Provinz Guangdong, China.<br><\/p>\t\t\t\t\t\t<\/div>\n\t\t\t\t<\/div>\n\t\t\t\t\t<\/div>\n\t\t\t\t<\/div>\n\t\t\t\t\t\t\t<\/div>","protected":false},"excerpt":{"rendered":"<p>Datenschutzrichtlinie Wir respektieren Ihre Privatsph\u00e4re zutiefst und verpflichten uns, Ihre pers\u00f6nlichen Daten zu sch\u00fctzen. Diese Datenschutzrichtlinie beschreibt, wie wir Ihre pers\u00f6nlichen Daten sammeln, verwenden und weitergeben, wenn Sie www.adibo.com (nachfolgend \u201eWebsite\u201c genannt) besuchen oder dort einkaufen. Von uns gesammelte pers\u00f6nliche Daten Wenn Sie die Website besuchen, sammeln wir automatisch \u2026<\/p>\n<p class=\"read-more\"> <a class=\"\" href=\"https:\/\/www.adibo.com\/de\/privacy-policy\"> <span class=\"screen-reader-text\">Datenschutzerkl\u00e4rung<\/span> Weiterlesen \u00bb<\/a><\/p>","protected":false},"author":1,"featured_media":0,"parent":0,"menu_order":0,"comment_status":"closed","ping_status":"closed","template":"","meta":{"om_disable_all_campaigns":false,"site-sidebar-layout":"no-sidebar","site-content-layout":"page-builder","ast-site-content-layout":"full-width-container","site-content-style":"default","site-sidebar-style":"default","ast-global-header-display":"","ast-banner-title-visibility":"","ast-main-header-display":"","ast-hfb-above-header-display":"","ast-hfb-below-header-display":"","ast-hfb-mobile-header-display":"","site-post-title":"disabled","ast-breadcrumbs-content":"","ast-featured-img":"disabled","footer-sml-layout":"","theme-transparent-header-meta":"default","adv-header-id-meta":"","stick-header-meta":"default","header-above-stick-meta":"","header-main-stick-meta":"","header-below-stick-meta":"","astra-migrate-meta-layouts":"set","ast-page-background-enabled":"default","ast-page-background-meta":{"desktop":{"background-color":"var(--ast-global-color-4)","background-image":"","background-repeat":"repeat","background-position":"center center","background-size":"auto","background-attachment":"scroll","background-type":"","background-media":"","overlay-type":"","overlay-color":"","overlay-gradient":""},"tablet":{"background-color":"","background-image":"","background-repeat":"repeat","background-position":"center center","background-size":"auto","background-attachment":"scroll","background-type":"","background-media":"","overlay-type":"","overlay-color":"","overlay-gradient":""},"mobile":{"background-color":"","background-image":"","background-repeat":"repeat","background-position":"center center","background-size":"auto","background-attachment":"scroll","background-type":"","background-media":"","overlay-type":"","overlay-color":"","overlay-gradient":""}},"ast-content-background-meta":{"desktop":{"background-color":"var(--ast-global-color-5)","background-image":"","background-repeat":"repeat","background-position":"center center","background-size":"auto","background-attachment":"scroll","background-type":"","background-media":"","overlay-type":"","overlay-color":"","overlay-gradient":""},"tablet":{"background-color":"var(--ast-global-color-5)","background-image":"","background-repeat":"repeat","background-position":"center center","background-size":"auto","background-attachment":"scroll","background-type":"","background-media":"","overlay-type":"","overlay-color":"","overlay-gradient":""},"mobile":{"background-color":"var(--ast-global-color-5)","background-image":"","background-repeat":"repeat","background-position":"center center","background-size":"auto","background-attachment":"scroll","background-type":"","background-media":"","overlay-type":"","overlay-color":"","overlay-gradient":""}},"footnotes":""},"class_list":["post-1475","page","type-page","status-publish","hentry"],"_links":{"self":[{"href":"https:\/\/www.adibo.com\/de\/wp-json\/wp\/v2\/pages\/1475","targetHints":{"allow":["GET"]}}],"collection":[{"href":"https:\/\/www.adibo.com\/de\/wp-json\/wp\/v2\/pages"}],"about":[{"href":"https:\/\/www.adibo.com\/de\/wp-json\/wp\/v2\/types\/page"}],"author":[{"embeddable":true,"href":"https:\/\/www.adibo.com\/de\/wp-json\/wp\/v2\/users\/1"}],"replies":[{"embeddable":true,"href":"https:\/\/www.adibo.com\/de\/wp-json\/wp\/v2\/comments?post=1475"}],"version-history":[{"count":0,"href":"https:\/\/www.adibo.com\/de\/wp-json\/wp\/v2\/pages\/1475\/revisions"}],"wp:attachment":[{"href":"https:\/\/www.adibo.com\/de\/wp-json\/wp\/v2\/media?parent=1475"}],"curies":[{"name":"wp","href":"https:\/\/api.w.org\/{rel}","templated":true}]}}