{"id":1418,"date":"2023-12-18T16:16:42","date_gmt":"2023-12-18T08:16:42","guid":{"rendered":"http:\/\/adibo.ichuanghui.cn\/?page_id=1418"},"modified":"2025-12-24T14:37:42","modified_gmt":"2025-12-24T06:37:42","slug":"wlzc","status":"publish","type":"page","link":"https:\/\/www.adibo.com\/es\/wlzc","title":{"rendered":"pol\u00edtica de log\u00edstica"},"content":{"rendered":"<div data-elementor-type=\"wp-page\" data-elementor-id=\"1418\" class=\"elementor elementor-1418\" data-elementor-post-type=\"page\">\n\t\t\t\t\t\t\t<div class=\"elementor-element elementor-element-118013a e-flex e-con-boxed e-con e-parent\" data-id=\"118013a\" data-element_type=\"container\" data-settings=\"{&quot;content_width&quot;:&quot;boxed&quot;}\" data-core-v316-plus=\"true\">\n\t\t\t\t\t<div class=\"e-con-inner\">\n\t\t\t\t<div class=\"elementor-element elementor-element-b148412 elementor-widget elementor-widget-heading\" data-id=\"b148412\" data-element_type=\"widget\" data-widget_type=\"heading.default\">\n\t\t\t\t<div class=\"elementor-widget-container\">\n\t\t\t<style>\/*! elementor - v3.17.0 - 25-10-2023 *\/\n.elementor-heading-title{padding:0;margin:0;line-height:1}.elementor-widget-heading .elementor-heading-title[class*=elementor-size-]>a{color:inherit;font-size:inherit;line-height:inherit}.elementor-widget-heading .elementor-heading-title.elementor-size-small{font-size:15px}.elementor-widget-heading .elementor-heading-title.elementor-size-medium{font-size:19px}.elementor-widget-heading .elementor-heading-title.elementor-size-large{font-size:29px}.elementor-widget-heading .elementor-heading-title.elementor-size-xl{font-size:39px}.elementor-widget-heading .elementor-heading-title.elementor-size-xxl{font-size:59px}<\/style><h2 class=\"elementor-heading-title elementor-size-default\">Politica de envios<\/h2>\t\t<\/div>\n\t\t\t\t<\/div>\n\t\t\t\t<div class=\"elementor-element elementor-element-6207c84 elementor-widget elementor-widget-text-editor\" data-id=\"6207c84\" data-element_type=\"widget\" data-widget_type=\"text-editor.default\">\n\t\t\t\t<div class=\"elementor-widget-container\">\n\t\t\t<style>\/*! elementor - v3.17.0 - 25-10-2023 *\/\n.elementor-widget-text-editor.elementor-drop-cap-view-stacked .elementor-drop-cap{background-color:#69727d;color:#fff}.elementor-widget-text-editor.elementor-drop-cap-view-framed .elementor-drop-cap{color:#69727d;border:3px solid;background-color:transparent}.elementor-widget-text-editor:not(.elementor-drop-cap-view-default) .elementor-drop-cap{margin-top:8px}.elementor-widget-text-editor:not(.elementor-drop-cap-view-default) .elementor-drop-cap-letter{width:1em;height:1em}.elementor-widget-text-editor .elementor-drop-cap{float:left;text-align:center;line-height:1;font-size:50px}.elementor-widget-text-editor .elementor-drop-cap-letter{display:inline-block}<\/style>\t\t\t\t<p><span class=\"spark-text\">Gracias por elegir ADIBO (www.adibo.com) como su plataforma de compras. Para garantizar que tengas la mejor experiencia de servicio durante tus compras, hemos establecido la siguiente pol\u00edtica de env\u00edo:<\/span><\/p>\n<ol>\n<li><span class=\"spark-text\">Rango de entrega: Nuestro rango de entrega cubre la mayor\u00eda de los pa\u00edses y regiones del mundo. Consulte la p\u00e1gina detallada de su regi\u00f3n para obtener informaci\u00f3n de entrega espec\u00edfica.<\/span><\/li>\n<li><span class=\"spark-text\">M\u00e9todos de entrega: Ofrecemos una variedad de m\u00e9todos de entrega para su selecci\u00f3n, incluido el transporte mar\u00edtimo (30-50 d\u00edas). Para conocer m\u00e9todos de entrega espec\u00edficos, consulte la p\u00e1gina detallada de su regi\u00f3n.<\/span><\/li>\n<li><span class=\"spark-text\">Contacto de servicio al cliente: si tiene alguna pregunta, no dude en contactarnos a trav\u00e9s de los siguientes m\u00e9todos:<\/span>\n<ul>\n<li><span class=\"spark-text\">Correo electr\u00f3nico de atenci\u00f3n al cliente: adibo@adibo.com<\/span><\/li>\n<li><span class=\"spark-text\">Tel\u00e9fono de atenci\u00f3n al cliente: +86 400-000-9773<\/span><\/li>\n<\/ul>\n<\/li>\n<li><span class=\"spark-text\">Impuestos, aranceles y tarifas de importaci\u00f3n cobrados por el pa\u00eds\/regi\u00f3n de destino: aunque es poco com\u00fan, el env\u00edo internacional puede requerir el pago de impuestos, aranceles y tarifas de importaci\u00f3n impuestos por el pa\u00eds\/regi\u00f3n de destino. Usted ser\u00e1 responsable de estos costos. Es su responsabilidad pasar la aduana de los productos enviados. Cuando se requieren procedimientos de despacho de aduana, usted es responsable de cooperar directamente con la empresa de env\u00edo o la aduana.<\/span><\/li>\n<li><span class=\"spark-text\">Costos causados por el destinatario, como cambios de direcci\u00f3n, retenci\u00f3n del paquete, cargos de devoluci\u00f3n, etc.: El destinatario tambi\u00e9n es responsable de pagar los costos causados por cambios en la direcci\u00f3n, retenci\u00f3n del paquete, cargos de devoluci\u00f3n, etc., incurridos por el destinatario. Por lo tanto, aseg\u00farese de tener la informaci\u00f3n de direcci\u00f3n correcta, incluido un n\u00famero de tel\u00e9fono almacenado.<\/span><\/li>\n<\/ol>\n<p><span class=\"spark-text\">PREGUNTAS M\u00c1S FRECUENTES:<\/span><\/p>\n<ol>\n<li><span class=\"spark-text\">\u00bfA qu\u00e9 pa\u00edses env\u00edas?<\/span><\/li>\n<\/ol>\n<p><span class=\"spark-text\">We ship globally, excluding regions marked as restricted or high-risk by courier services, such as Belarus, Ivory Coast, Cuba, Democratic Republic of the Congo, Iran, Iraq, Lebanon, Liberia, North Korea, Sierra Leone, Sudan, Syria, and Zimbabwe.&nbsp;<\/span><\/p>\n<ol start=\"2\">\n<li><span class=\"spark-text\">\u00bfCuando ser\u00e1 enviado mi pedido?<\/span><\/li>\n<\/ol>\n<p><span class=\"spark-text\">Nuestro objetivo es enviar por lotes todos los pedidos dos veces por semana. *La fecha de env\u00edo real puede variar. Le mantendremos informado sobre la fecha de env\u00edo de sus productos.<\/span><\/p>\n<p><span class=\"spark-text\">Es esencial mantener archivados la direcci\u00f3n y el n\u00famero de tel\u00e9fono correctos. La informaci\u00f3n incorrecta de la direcci\u00f3n puede generar costos de devoluci\u00f3n muy altos.<\/span><\/p>\n<ol start=\"3\">\n<li><span class=\"spark-text\">\u00bfDebo pagar el IVA\/impuesto sobre las ventas europeo?<\/span><\/li>\n<\/ol>\n<p><span class=\"spark-text\">S\u00ed, el monto depender\u00e1 de las regulaciones de su pa\u00eds\/regi\u00f3n.<\/span><\/p>\n<p><span class=\"spark-text\">\u00a1Estamos comprometidos a servirle con dedicaci\u00f3n y esperamos su visita!<\/span><\/p>\t\t\t\t\t\t<\/div>\n\t\t\t\t<\/div>\n\t\t\t\t\t<\/div>\n\t\t\t\t<\/div>\n\t\t\t\t\t\t\t<\/div>","protected":false},"excerpt":{"rendered":"<p>Pol\u00edtica de env\u00edo Gracias por elegir ADIBO (www.adibo.com) como su plataforma de compras. Para garantizar que tenga la mejor experiencia de servicio durante sus compras, hemos establecido la siguiente pol\u00edtica de env\u00edo: Rango de entrega: Nuestro rango de entrega cubre la mayor\u00eda de los pa\u00edses y regiones del mundo. Consulte la p\u00e1gina detallada de su regi\u00f3n para conocer la entrega espec\u00edfica...<\/p>\n<p class=\"read-more\"> <a class=\"\" href=\"https:\/\/www.adibo.com\/es\/wlzc\"> <span class=\"screen-reader-text\">pol\u00edtica de log\u00edstica<\/span> Leer m\u00e1s \u00bb<\/a><\/p>","protected":false},"author":1,"featured_media":0,"parent":0,"menu_order":0,"comment_status":"closed","ping_status":"closed","template":"","meta":{"om_disable_all_campaigns":false,"site-sidebar-layout":"no-sidebar","site-content-layout":"page-builder","ast-site-content-layout":"full-width-container","site-content-style":"default","site-sidebar-style":"default","ast-global-header-display":"","ast-banner-title-visibility":"","ast-main-header-display":"","ast-hfb-above-header-display":"","ast-hfb-below-header-display":"","ast-hfb-mobile-header-display":"","site-post-title":"disabled","ast-breadcrumbs-content":"","ast-featured-img":"disabled","footer-sml-layout":"","theme-transparent-header-meta":"default","adv-header-id-meta":"","stick-header-meta":"default","header-above-stick-meta":"","header-main-stick-meta":"","header-below-stick-meta":"","astra-migrate-meta-layouts":"set","ast-page-background-enabled":"default","ast-page-background-meta":{"desktop":{"background-color":"var(--ast-global-color-4)","background-image":"","background-repeat":"repeat","background-position":"center center","background-size":"auto","background-attachment":"scroll","background-type":"","background-media":"","overlay-type":"","overlay-color":"","overlay-gradient":""},"tablet":{"background-color":"","background-image":"","background-repeat":"repeat","background-position":"center center","background-size":"auto","background-attachment":"scroll","background-type":"","background-media":"","overlay-type":"","overlay-color":"","overlay-gradient":""},"mobile":{"background-color":"","background-image":"","background-repeat":"repeat","background-position":"center center","background-size":"auto","background-attachment":"scroll","background-type":"","background-media":"","overlay-type":"","overlay-color":"","overlay-gradient":""}},"ast-content-background-meta":{"desktop":{"background-color":"var(--ast-global-color-5)","background-image":"","background-repeat":"repeat","background-position":"center center","background-size":"auto","background-attachment":"scroll","background-type":"","background-media":"","overlay-type":"","overlay-color":"","overlay-gradient":""},"tablet":{"background-color":"var(--ast-global-color-5)","background-image":"","background-repeat":"repeat","background-position":"center center","background-size":"auto","background-attachment":"scroll","background-type":"","background-media":"","overlay-type":"","overlay-color":"","overlay-gradient":""},"mobile":{"background-color":"var(--ast-global-color-5)","background-image":"","background-repeat":"repeat","background-position":"center center","background-size":"auto","background-attachment":"scroll","background-type":"","background-media":"","overlay-type":"","overlay-color":"","overlay-gradient":""}},"footnotes":""},"class_list":["post-1418","page","type-page","status-publish","hentry"],"_links":{"self":[{"href":"https:\/\/www.adibo.com\/es\/wp-json\/wp\/v2\/pages\/1418","targetHints":{"allow":["GET"]}}],"collection":[{"href":"https:\/\/www.adibo.com\/es\/wp-json\/wp\/v2\/pages"}],"about":[{"href":"https:\/\/www.adibo.com\/es\/wp-json\/wp\/v2\/types\/page"}],"author":[{"embeddable":true,"href":"https:\/\/www.adibo.com\/es\/wp-json\/wp\/v2\/users\/1"}],"replies":[{"embeddable":true,"href":"https:\/\/www.adibo.com\/es\/wp-json\/wp\/v2\/comments?post=1418"}],"version-history":[{"count":3,"href":"https:\/\/www.adibo.com\/es\/wp-json\/wp\/v2\/pages\/1418\/revisions"}],"predecessor-version":[{"id":3088,"href":"https:\/\/www.adibo.com\/es\/wp-json\/wp\/v2\/pages\/1418\/revisions\/3088"}],"wp:attachment":[{"href":"https:\/\/www.adibo.com\/es\/wp-json\/wp\/v2\/media?parent=1418"}],"curies":[{"name":"wp","href":"https:\/\/api.w.org\/{rel}","templated":true}]}}