{"id":1471,"date":"2023-12-21T13:30:50","date_gmt":"2023-12-21T05:30:50","guid":{"rendered":"http:\/\/adibo.ichuanghui.cn\/?page_id=1471"},"modified":"2024-03-29T10:50:23","modified_gmt":"2024-03-29T02:50:23","slug":"fhzc","status":"publish","type":"page","link":"https:\/\/www.adibo.com\/es\/fhzc","title":{"rendered":"Cl\u00e1usulas de servicio"},"content":{"rendered":"<div data-elementor-type=\"wp-page\" data-elementor-id=\"1471\" class=\"elementor elementor-1471\" data-elementor-post-type=\"page\">\n\t\t\t\t\t\t\t<div class=\"elementor-element elementor-element-46f36f7 e-flex e-con-boxed e-con e-parent\" data-id=\"46f36f7\" data-element_type=\"container\" data-settings=\"{&quot;content_width&quot;:&quot;boxed&quot;}\" data-core-v316-plus=\"true\">\n\t\t\t\t\t<div class=\"e-con-inner\">\n\t\t\t\t<div class=\"elementor-element elementor-element-0f722b7 elementor-widget elementor-widget-heading\" data-id=\"0f722b7\" data-element_type=\"widget\" data-widget_type=\"heading.default\">\n\t\t\t\t<div class=\"elementor-widget-container\">\n\t\t\t<style>\/*! elementor - v3.17.0 - 25-10-2023 *\/\n.elementor-heading-title{padding:0;margin:0;line-height:1}.elementor-widget-heading .elementor-heading-title[class*=elementor-size-]>a{color:inherit;font-size:inherit;line-height:inherit}.elementor-widget-heading .elementor-heading-title.elementor-size-small{font-size:15px}.elementor-widget-heading .elementor-heading-title.elementor-size-medium{font-size:19px}.elementor-widget-heading .elementor-heading-title.elementor-size-large{font-size:29px}.elementor-widget-heading .elementor-heading-title.elementor-size-xl{font-size:39px}.elementor-widget-heading .elementor-heading-title.elementor-size-xxl{font-size:59px}<\/style><h2 class=\"elementor-heading-title elementor-size-default\">Cl\u00e1usulas de servicio<\/h2>\t\t<\/div>\n\t\t\t\t<\/div>\n\t\t\t\t<div class=\"elementor-element elementor-element-f4da18b elementor-widget elementor-widget-text-editor\" data-id=\"f4da18b\" data-element_type=\"widget\" data-widget_type=\"text-editor.default\">\n\t\t\t\t<div class=\"elementor-widget-container\">\n\t\t\t<style>\/*! elementor - v3.17.0 - 25-10-2023 *\/\n.elementor-widget-text-editor.elementor-drop-cap-view-stacked .elementor-drop-cap{background-color:#69727d;color:#fff}.elementor-widget-text-editor.elementor-drop-cap-view-framed .elementor-drop-cap{color:#69727d;border:3px solid;background-color:transparent}.elementor-widget-text-editor:not(.elementor-drop-cap-view-default) .elementor-drop-cap{margin-top:8px}.elementor-widget-text-editor:not(.elementor-drop-cap-view-default) .elementor-drop-cap-letter{width:1em;height:1em}.elementor-widget-text-editor .elementor-drop-cap{float:left;text-align:center;line-height:1;font-size:50px}.elementor-widget-text-editor .elementor-drop-cap-letter{display:inline-block}<\/style>\t\t\t\t<div id=\"content\" class=\"site-content\">\n<div class=\"ast-container\">\n<div id=\"primary\" class=\"content-area primary\">\n<p><\/p><main id=\"main\" class=\"site-main\"><p><\/p>\n<article id=\"post-2607\" class=\"post-2607 page type-page status-publish ast-article-single\">\n<div class=\"entry-content clear\">\n<div class=\"elementor elementor-2607\" data-elementor-type=\"wp-page\" data-elementor-id=\"2607\" data-elementor-post-type=\"page\">\n<div class=\"elementor-element elementor-element-6736d0fb e-flex e-con-boxed e-con e-parent\" data-id=\"6736d0fb\" data-element_type=\"container\" data-settings=\"{&quot;content_width&quot;:&quot;boxed&quot;}\" data-core-v316-plus=\"true\">\n<div class=\"e-con-inner\">\n<div class=\"elementor-element elementor-element-18d01d5e elementor-widget elementor-widget-text-editor\" data-id=\"18d01d5e\" data-element_type=\"widget\" data-widget_type=\"text-editor.default\">\n<div class=\"elementor-widget-container\">\n<div id=\"content\" class=\"site-content\">\n<div class=\"ast-container\">\n<div id=\"primary\" class=\"content-area primary\">\n<p><\/p><main id=\"main\" class=\"site-main\"><p><\/p>\n<article id=\"post-2607\" class=\"post-2607 page type-page status-publish ast-article-single\">\n<div class=\"entry-content clear\">\n<div class=\"elementor elementor-2607\" data-elementor-type=\"wp-page\" data-elementor-id=\"2607\" data-elementor-post-type=\"page\">\n<div class=\"elementor-element elementor-element-6736d0fb e-flex e-con-boxed e-con e-parent\" data-id=\"6736d0fb\" data-element_type=\"container\" data-settings=\"{&quot;content_width&quot;:&quot;boxed&quot;}\" data-core-v316-plus=\"true\">\n<div class=\"e-con-inner\">\n<div class=\"elementor-element elementor-element-18d01d5e elementor-widget elementor-widget-text-editor\" data-id=\"18d01d5e\" data-element_type=\"widget\" data-widget_type=\"text-editor.default\">\n<div class=\"elementor-widget-container\">\n<p><strong><span class=\"spark-text\">1. Introducci\u00f3n<\/span><\/strong><\/p>\n<p><span class=\"spark-text\">Bienvenido a ADIBO Global Shopping Mall (en adelante, \u201ceste centro comercial\u201d). Ofrecemos una variedad de productos de entrenamiento de b\u00e1dminton, incluidas m\u00e1quinas de volante de b\u00e1dminton, barredoras de b\u00e1dminton, asistentes de entrenador, etc. Antes de comprar en nuestra tienda, lea atentamente los siguientes t\u00e9rminos de servicio. Acceder o utilizar esta tienda significa que usted acepta estar sujeto a estos t\u00e9rminos de servicio.<\/span><\/p>\n<p><strong><span class=\"spark-text\">2. Registro y uso de la cuenta<\/span><\/strong><\/p>\n<p><span class=\"spark-text\">Para comprar en este Sitio, necesita crear una cuenta. Usted acepta proporcionar informaci\u00f3n de registro precisa, completa y actualizada y mantener su exactitud y vigencia. Usted es totalmente responsable de su cuenta y contrase\u00f1a y responsable de cualquier uso no autorizado.<\/span><\/p>\n<p><strong><span class=\"spark-text\">3. Descripciones de productos y precios<\/span><\/strong><\/p>\n<p><span class=\"spark-text\">Nos esforzamos por garantizar la exactitud de las descripciones de los productos; sin embargo, es posible que algunos productos no se ajusten exactamente a la descripci\u00f3n. Nos reservamos el derecho de cambiar los precios y descripciones de los productos en cualquier momento sin previo aviso. Todos los precios mostrados est\u00e1n en d\u00f3lares estadounidenses (USD) e incluyen los impuestos especificados.<\/span><\/p>\n<p><strong><span class=\"spark-text\">4. Procesamiento de pedidos<\/span><\/strong><\/p>\n<p><span class=\"spark-text\">Cuando realiza un pedido en este Sitio, recibir\u00e1 un correo electr\u00f3nico de confirmaci\u00f3n del pedido. Esto indica que hemos recibido su pedido y lo estamos procesando. Solo despu\u00e9s de que se env\u00eden los productos le enviaremos un correo electr\u00f3nico de confirmaci\u00f3n de env\u00edo.<\/span><\/p>\n<p><strong><span class=\"spark-text\">5. Pol\u00edtica de env\u00edo<\/span><\/strong><\/p>\n<p><span class=\"spark-text\">Ofrecemos servicios de env\u00edo global. Los tiempos y costos de env\u00edo espec\u00edficos variar\u00e1n seg\u00fan su ubicaci\u00f3n geogr\u00e1fica y el m\u00e9todo de entrega elegido.<\/span><\/p>\n<p><strong><span class=\"spark-text\">6. Devoluciones y reembolsos<\/span><\/strong><\/p>\n<p><span class=\"spark-text\">Si no est\u00e1 satisfecho con su compra, puede devolver los productos no utilizados dentro de los 7 d\u00edas posteriores a la recepci\u00f3n para obtener un reembolso o un cambio. Consulte nuestra pol\u00edtica de devoluciones para obtener m\u00e1s informaci\u00f3n.<\/span><\/p>\n<p><strong><span class=\"spark-text\">7. Pol\u00edtica de privacidad<\/span><\/strong><\/p>\n<p><span class=\"spark-text\">Respetamos su privacidad y protegeremos estrictamente la seguridad de su informaci\u00f3n personal. Revise nuestra pol\u00edtica de privacidad para comprender c\u00f3mo recopilamos, utilizamos y divulgamos su informaci\u00f3n personal.<\/span><\/p>\n<p><strong><span class=\"spark-text\">8. Derechos de autor y marcas comerciales<\/span><\/strong><\/p>\n<p><span class=\"spark-text\">Todo el contenido de este Sitio, incluidos, entre otros, texto, im\u00e1genes, logotipos, \u00edconos de botones, secuencias de comandos y software, est\u00e1 protegido por derechos de autor, marcas comerciales y otras leyes. No se puede utilizar ning\u00fan material sin nuestro permiso expreso por escrito.<\/span><\/p>\n<p><strong><span class=\"spark-text\">9. Descargo de responsabilidad de garant\u00eda<\/span><\/strong><\/p>\n<p><span class=\"spark-text\">No garantizamos ning\u00fan da\u00f1o indirecto, especial, incidental o consecuente, incluidos, entre otros, da\u00f1os que surjan de o est\u00e9n relacionados con el uso o la imposibilidad de usar este Sitio o su contenido.<\/span><\/p>\n<p><strong><span class=\"spark-text\">10. Ley aplicable y resoluci\u00f3n de disputas<\/span><\/strong><\/p>\n<p><span class=\"spark-text\">Estos t\u00e9rminos de servicio se rigen e interpretan seg\u00fan las leyes de [pa\u00eds\/regi\u00f3n aplicable]. Cualquier disputa se resolver\u00e1 primero mediante una negociaci\u00f3n amistosa. Si la negociaci\u00f3n fracasa, la disputa se presentar\u00e1 a [tribunal o instituci\u00f3n de arbitraje espec\u00edfica] para su resoluci\u00f3n.<\/span><\/p>\n<p><strong><span class=\"spark-text\">11. Cambios a los T\u00e9rminos<\/span><\/strong><\/p>\n<p><span class=\"spark-text\">Nos reservamos el derecho de modificar estos t\u00e9rminos de servicio en cualquier momento y se lo notificaremos actualizando esta p\u00e1gina. Su uso continuado de este Sitio constituye su aceptaci\u00f3n de dichos cambios.<\/span><\/p>\n<\/div>\n<\/div>\n<\/div>\n<\/div>\n<\/div>\n<\/div>\n<\/article>\n<p><\/p><\/main><\/div>\n<\/div>\n<\/div>\n<\/div>\n<\/div>\n<\/div>\n<\/div>\n<\/div>\n<\/div>\n<\/article>\n<p><\/p><\/main><\/div>\n<\/div>\n<\/div>\t\t\t\t\t\t<\/div>\n\t\t\t\t<\/div>\n\t\t\t\t\t<\/div>\n\t\t\t\t<\/div>\n\t\t\t\t\t\t\t<\/div>","protected":false},"excerpt":{"rendered":"<p>T\u00e9rminos de servicio 1. Introducci\u00f3n Bienvenido a ADIBO Global Shopping Mall (en adelante, \u201ceste centro comercial\u201d). Ofrecemos una variedad de productos de entrenamiento de b\u00e1dminton, incluidas m\u00e1quinas de volante de b\u00e1dminton, barredoras de b\u00e1dminton, asistentes de entrenador, etc. Antes de comprar en nuestra tienda, lea atentamente los siguientes t\u00e9rminos de servicio. Acceder o utilizar esta tienda significa que est\u00e1s de acuerdo\u2026<\/p>\n<p class=\"read-more\"> <a class=\"\" href=\"https:\/\/www.adibo.com\/es\/fhzc\"> <span class=\"screen-reader-text\">Cl\u00e1usulas de servicio<\/span> Leer m\u00e1s \u00bb<\/a><\/p>","protected":false},"author":1,"featured_media":0,"parent":0,"menu_order":0,"comment_status":"closed","ping_status":"closed","template":"","meta":{"om_disable_all_campaigns":false,"site-sidebar-layout":"no-sidebar","site-content-layout":"page-builder","ast-site-content-layout":"full-width-container","site-content-style":"default","site-sidebar-style":"default","ast-global-header-display":"","ast-banner-title-visibility":"","ast-main-header-display":"","ast-hfb-above-header-display":"","ast-hfb-below-header-display":"","ast-hfb-mobile-header-display":"","site-post-title":"disabled","ast-breadcrumbs-content":"","ast-featured-img":"disabled","footer-sml-layout":"","theme-transparent-header-meta":"default","adv-header-id-meta":"","stick-header-meta":"default","header-above-stick-meta":"","header-main-stick-meta":"","header-below-stick-meta":"","astra-migrate-meta-layouts":"set","ast-page-background-enabled":"default","ast-page-background-meta":{"desktop":{"background-color":"var(--ast-global-color-4)","background-image":"","background-repeat":"repeat","background-position":"center center","background-size":"auto","background-attachment":"scroll","background-type":"","background-media":"","overlay-type":"","overlay-color":"","overlay-gradient":""},"tablet":{"background-color":"","background-image":"","background-repeat":"repeat","background-position":"center center","background-size":"auto","background-attachment":"scroll","background-type":"","background-media":"","overlay-type":"","overlay-color":"","overlay-gradient":""},"mobile":{"background-color":"","background-image":"","background-repeat":"repeat","background-position":"center center","background-size":"auto","background-attachment":"scroll","background-type":"","background-media":"","overlay-type":"","overlay-color":"","overlay-gradient":""}},"ast-content-background-meta":{"desktop":{"background-color":"var(--ast-global-color-5)","background-image":"","background-repeat":"repeat","background-position":"center center","background-size":"auto","background-attachment":"scroll","background-type":"","background-media":"","overlay-type":"","overlay-color":"","overlay-gradient":""},"tablet":{"background-color":"var(--ast-global-color-5)","background-image":"","background-repeat":"repeat","background-position":"center center","background-size":"auto","background-attachment":"scroll","background-type":"","background-media":"","overlay-type":"","overlay-color":"","overlay-gradient":""},"mobile":{"background-color":"var(--ast-global-color-5)","background-image":"","background-repeat":"repeat","background-position":"center center","background-size":"auto","background-attachment":"scroll","background-type":"","background-media":"","overlay-type":"","overlay-color":"","overlay-gradient":""}},"footnotes":""},"class_list":["post-1471","page","type-page","status-publish","hentry"],"_links":{"self":[{"href":"https:\/\/www.adibo.com\/es\/wp-json\/wp\/v2\/pages\/1471","targetHints":{"allow":["GET"]}}],"collection":[{"href":"https:\/\/www.adibo.com\/es\/wp-json\/wp\/v2\/pages"}],"about":[{"href":"https:\/\/www.adibo.com\/es\/wp-json\/wp\/v2\/types\/page"}],"author":[{"embeddable":true,"href":"https:\/\/www.adibo.com\/es\/wp-json\/wp\/v2\/users\/1"}],"replies":[{"embeddable":true,"href":"https:\/\/www.adibo.com\/es\/wp-json\/wp\/v2\/comments?post=1471"}],"version-history":[{"count":0,"href":"https:\/\/www.adibo.com\/es\/wp-json\/wp\/v2\/pages\/1471\/revisions"}],"wp:attachment":[{"href":"https:\/\/www.adibo.com\/es\/wp-json\/wp\/v2\/media?parent=1471"}],"curies":[{"name":"wp","href":"https:\/\/api.w.org\/{rel}","templated":true}]}}