{"id":1418,"date":"2023-12-18T16:16:42","date_gmt":"2023-12-18T08:16:42","guid":{"rendered":"http:\/\/adibo.ichuanghui.cn\/?page_id=1418"},"modified":"2025-12-24T14:37:42","modified_gmt":"2025-12-24T06:37:42","slug":"wlzc","status":"publish","type":"page","link":"https:\/\/www.adibo.com\/fr\/wlzc","title":{"rendered":"la logistique de la politique"},"content":{"rendered":"<div data-elementor-type=\"wp-page\" data-elementor-id=\"1418\" class=\"elementor elementor-1418\" data-elementor-post-type=\"page\">\n\t\t\t\t\t\t\t<div class=\"elementor-element elementor-element-118013a e-flex e-con-boxed e-con e-parent\" data-id=\"118013a\" data-element_type=\"container\" data-settings=\"{&quot;content_width&quot;:&quot;boxed&quot;}\" data-core-v316-plus=\"true\">\n\t\t\t\t\t<div class=\"e-con-inner\">\n\t\t\t\t<div class=\"elementor-element elementor-element-b148412 elementor-widget elementor-widget-heading\" data-id=\"b148412\" data-element_type=\"widget\" data-widget_type=\"heading.default\">\n\t\t\t\t<div class=\"elementor-widget-container\">\n\t\t\t<style>\/*! elementor - v3.17.0 - 25-10-2023 *\/\n.elementor-heading-title{padding:0;margin:0;line-height:1}.elementor-widget-heading .elementor-heading-title[class*=elementor-size-]>a{color:inherit;font-size:inherit;line-height:inherit}.elementor-widget-heading .elementor-heading-title.elementor-size-small{font-size:15px}.elementor-widget-heading .elementor-heading-title.elementor-size-medium{font-size:19px}.elementor-widget-heading .elementor-heading-title.elementor-size-large{font-size:29px}.elementor-widget-heading .elementor-heading-title.elementor-size-xl{font-size:39px}.elementor-widget-heading .elementor-heading-title.elementor-size-xxl{font-size:59px}<\/style><h2 class=\"elementor-heading-title elementor-size-default\">Politique d&#039;exp\u00e9dition<\/h2>\t\t<\/div>\n\t\t\t\t<\/div>\n\t\t\t\t<div class=\"elementor-element elementor-element-6207c84 elementor-widget elementor-widget-text-editor\" data-id=\"6207c84\" data-element_type=\"widget\" data-widget_type=\"text-editor.default\">\n\t\t\t\t<div class=\"elementor-widget-container\">\n\t\t\t<style>\/*! elementor - v3.17.0 - 25-10-2023 *\/\n.elementor-widget-text-editor.elementor-drop-cap-view-stacked .elementor-drop-cap{background-color:#69727d;color:#fff}.elementor-widget-text-editor.elementor-drop-cap-view-framed .elementor-drop-cap{color:#69727d;border:3px solid;background-color:transparent}.elementor-widget-text-editor:not(.elementor-drop-cap-view-default) .elementor-drop-cap{margin-top:8px}.elementor-widget-text-editor:not(.elementor-drop-cap-view-default) .elementor-drop-cap-letter{width:1em;height:1em}.elementor-widget-text-editor .elementor-drop-cap{float:left;text-align:center;line-height:1;font-size:50px}.elementor-widget-text-editor .elementor-drop-cap-letter{display:inline-block}<\/style>\t\t\t\t<p><span class=\"spark-text\">Merci d&#039;avoir choisi ADIBO(www.adibo.com) comme plateforme d&#039;achat. Afin de vous garantir la meilleure exp\u00e9rience de service lors de vos achats, nous avons \u00e9tabli la politique d&#039;exp\u00e9dition suivante :<\/span><\/p>\n<ol>\n<li><span class=\"spark-text\">Plage de livraison\u00a0: Notre plage de livraison couvre la plupart des pays et r\u00e9gions du monde. Veuillez vous r\u00e9f\u00e9rer \u00e0 la page d\u00e9taill\u00e9e de votre r\u00e9gion pour des informations de livraison sp\u00e9cifiques.<\/span><\/li>\n<li><span class=\"spark-text\">M\u00e9thodes de livraison : Nous proposons une vari\u00e9t\u00e9 de m\u00e9thodes de livraison selon votre s\u00e9lection, y compris le fret maritime (30 \u00e0 50 jours). Pour les modes de livraison sp\u00e9cifiques, veuillez vous r\u00e9f\u00e9rer \u00e0 la page d\u00e9taill\u00e9e de votre r\u00e9gion.<\/span><\/li>\n<li><span class=\"spark-text\">Contact du service client : si vous avez des questions, n&#039;h\u00e9sitez pas \u00e0 nous contacter via les m\u00e9thodes suivantes :<\/span>\n<ul>\n<li><span class=\"spark-text\">E-mail du service client\u00a0: adibo@adibo.com<\/span><\/li>\n<li><span class=\"spark-text\">T\u00e9l\u00e9phone du service client\u00a0: +86 400-000-9773<\/span><\/li>\n<\/ul>\n<\/li>\n<li><span class=\"spark-text\">Taxes, droits et frais d&#039;importation factur\u00e9s par le pays\/la r\u00e9gion de destination\u00a0: Bien que rares, les exp\u00e9ditions internationales peuvent n\u00e9cessiter le paiement de taxes, droits et frais d&#039;importation impos\u00e9s par le pays\/la r\u00e9gion de destination. Vous serez responsable de ces frais. Il est de votre responsabilit\u00e9 de d\u00e9douaner les marchandises exp\u00e9di\u00e9es. Lorsque des proc\u00e9dures de d\u00e9douanement sont n\u00e9cessaires, vous \u00eates responsable de coop\u00e9rer directement avec la compagnie maritime ou les douanes.<\/span><\/li>\n<li><span class=\"spark-text\">Co\u00fbts occasionn\u00e9s par le destinataire, tels que les changements d&#039;adresse, la conservation du colis, les frais de retour, etc. : Le destinataire est \u00e9galement responsable du paiement des frais occasionn\u00e9s par les changements d&#039;adresse, la conservation du colis, les frais de retour, etc., engag\u00e9s par le destinataire. Par cons\u00e9quent, veuillez vous assurer que vous disposez des informations d\u2019adresse correctes, y compris un num\u00e9ro de t\u00e9l\u00e9phone enregistr\u00e9.<\/span><\/li>\n<\/ol>\n<p><span class=\"spark-text\">FAQ:<\/span><\/p>\n<ol>\n<li><span class=\"spark-text\">Vers quels pays exp\u00e9diez-vous ?<\/span><\/li>\n<\/ol>\n<p><span class=\"spark-text\">We ship globally, excluding regions marked as restricted or high-risk by courier services, such as Belarus, Ivory Coast, Cuba, Democratic Republic of the Congo, Iran, Iraq, Lebanon, Liberia, North Korea, Sierra Leone, Sudan, Syria, and Zimbabwe.&nbsp;<\/span><\/p>\n<ol start=\"2\">\n<li><span class=\"spark-text\">Quand ma commande sera-t-elle exp\u00e9di\u00e9e ?<\/span><\/li>\n<\/ol>\n<p><span class=\"spark-text\">Nous visons \u00e0 exp\u00e9dier par lots toutes les commandes deux fois par semaine. *La date d&#039;exp\u00e9dition r\u00e9elle peut varier. Nous vous tiendrons inform\u00e9s de la date d&#039;exp\u00e9dition de vos produits.<\/span><\/p>\n<p><span class=\"spark-text\">Il est essentiel de conserver l\u2019adresse et le num\u00e9ro de t\u00e9l\u00e9phone corrects dans vos dossiers. Des informations d&#039;adresse incorrectes peuvent entra\u00eener des frais de retour tr\u00e8s \u00e9lev\u00e9s.<\/span><\/p>\n<ol start=\"3\">\n<li><span class=\"spark-text\">Dois-je payer la TVA\/taxe de vente europ\u00e9enne\u00a0?<\/span><\/li>\n<\/ol>\n<p><span class=\"spark-text\">Oui, le montant d\u00e9pendra de la r\u00e9glementation de votre pays\/r\u00e9gion.<\/span><\/p>\n<p><span class=\"spark-text\">Nous nous engageons \u00e0 vous servir avec d\u00e9vouement et attendons avec impatience votre visite\u00a0!<\/span><\/p>\t\t\t\t\t\t<\/div>\n\t\t\t\t<\/div>\n\t\t\t\t\t<\/div>\n\t\t\t\t<\/div>\n\t\t\t\t\t\t\t<\/div>","protected":false},"excerpt":{"rendered":"<p>Politique d&#039;exp\u00e9dition Merci d&#039;avoir choisi ADIBO (www.adibo.com) comme plateforme d&#039;achat. Pour garantir que vous b\u00e9n\u00e9ficiez de la meilleure exp\u00e9rience de service lors de vos achats, nous avons \u00e9tabli la politique d&#039;exp\u00e9dition suivante : Plage de livraison : Notre plage de livraison couvre la plupart des pays et r\u00e9gions du monde. Merci de vous r\u00e9f\u00e9rer \u00e0 la page d\u00e9taill\u00e9e de votre r\u00e9gion pour une livraison sp\u00e9cifique\u2026<\/p>\n<p class=\"read-more\"> <a class=\"\" href=\"https:\/\/www.adibo.com\/fr\/wlzc\"> <span class=\"screen-reader-text\">la logistique de la politique<\/span> Lire la suite \u00bb<\/a><\/p>","protected":false},"author":1,"featured_media":0,"parent":0,"menu_order":0,"comment_status":"closed","ping_status":"closed","template":"","meta":{"om_disable_all_campaigns":false,"site-sidebar-layout":"no-sidebar","site-content-layout":"page-builder","ast-site-content-layout":"full-width-container","site-content-style":"default","site-sidebar-style":"default","ast-global-header-display":"","ast-banner-title-visibility":"","ast-main-header-display":"","ast-hfb-above-header-display":"","ast-hfb-below-header-display":"","ast-hfb-mobile-header-display":"","site-post-title":"disabled","ast-breadcrumbs-content":"","ast-featured-img":"disabled","footer-sml-layout":"","theme-transparent-header-meta":"default","adv-header-id-meta":"","stick-header-meta":"default","header-above-stick-meta":"","header-main-stick-meta":"","header-below-stick-meta":"","astra-migrate-meta-layouts":"set","ast-page-background-enabled":"default","ast-page-background-meta":{"desktop":{"background-color":"var(--ast-global-color-4)","background-image":"","background-repeat":"repeat","background-position":"center center","background-size":"auto","background-attachment":"scroll","background-type":"","background-media":"","overlay-type":"","overlay-color":"","overlay-gradient":""},"tablet":{"background-color":"","background-image":"","background-repeat":"repeat","background-position":"center center","background-size":"auto","background-attachment":"scroll","background-type":"","background-media":"","overlay-type":"","overlay-color":"","overlay-gradient":""},"mobile":{"background-color":"","background-image":"","background-repeat":"repeat","background-position":"center center","background-size":"auto","background-attachment":"scroll","background-type":"","background-media":"","overlay-type":"","overlay-color":"","overlay-gradient":""}},"ast-content-background-meta":{"desktop":{"background-color":"var(--ast-global-color-5)","background-image":"","background-repeat":"repeat","background-position":"center center","background-size":"auto","background-attachment":"scroll","background-type":"","background-media":"","overlay-type":"","overlay-color":"","overlay-gradient":""},"tablet":{"background-color":"var(--ast-global-color-5)","background-image":"","background-repeat":"repeat","background-position":"center center","background-size":"auto","background-attachment":"scroll","background-type":"","background-media":"","overlay-type":"","overlay-color":"","overlay-gradient":""},"mobile":{"background-color":"var(--ast-global-color-5)","background-image":"","background-repeat":"repeat","background-position":"center center","background-size":"auto","background-attachment":"scroll","background-type":"","background-media":"","overlay-type":"","overlay-color":"","overlay-gradient":""}},"footnotes":""},"class_list":["post-1418","page","type-page","status-publish","hentry"],"_links":{"self":[{"href":"https:\/\/www.adibo.com\/fr\/wp-json\/wp\/v2\/pages\/1418","targetHints":{"allow":["GET"]}}],"collection":[{"href":"https:\/\/www.adibo.com\/fr\/wp-json\/wp\/v2\/pages"}],"about":[{"href":"https:\/\/www.adibo.com\/fr\/wp-json\/wp\/v2\/types\/page"}],"author":[{"embeddable":true,"href":"https:\/\/www.adibo.com\/fr\/wp-json\/wp\/v2\/users\/1"}],"replies":[{"embeddable":true,"href":"https:\/\/www.adibo.com\/fr\/wp-json\/wp\/v2\/comments?post=1418"}],"version-history":[{"count":3,"href":"https:\/\/www.adibo.com\/fr\/wp-json\/wp\/v2\/pages\/1418\/revisions"}],"predecessor-version":[{"id":3088,"href":"https:\/\/www.adibo.com\/fr\/wp-json\/wp\/v2\/pages\/1418\/revisions\/3088"}],"wp:attachment":[{"href":"https:\/\/www.adibo.com\/fr\/wp-json\/wp\/v2\/media?parent=1418"}],"curies":[{"name":"wp","href":"https:\/\/api.w.org\/{rel}","templated":true}]}}