{"id":1471,"date":"2023-12-21T13:30:50","date_gmt":"2023-12-21T05:30:50","guid":{"rendered":"http:\/\/adibo.ichuanghui.cn\/?page_id=1471"},"modified":"2024-03-29T10:50:23","modified_gmt":"2024-03-29T02:50:23","slug":"fhzc","status":"publish","type":"page","link":"https:\/\/www.adibo.com\/fr\/fhzc","title":{"rendered":"Conditions de service"},"content":{"rendered":"<div data-elementor-type=\"wp-page\" data-elementor-id=\"1471\" class=\"elementor elementor-1471\" data-elementor-post-type=\"page\">\n\t\t\t\t\t\t\t<div class=\"elementor-element elementor-element-46f36f7 e-flex e-con-boxed e-con e-parent\" data-id=\"46f36f7\" data-element_type=\"container\" data-settings=\"{&quot;content_width&quot;:&quot;boxed&quot;}\" data-core-v316-plus=\"true\">\n\t\t\t\t\t<div class=\"e-con-inner\">\n\t\t\t\t<div class=\"elementor-element elementor-element-0f722b7 elementor-widget elementor-widget-heading\" data-id=\"0f722b7\" data-element_type=\"widget\" data-widget_type=\"heading.default\">\n\t\t\t\t<div class=\"elementor-widget-container\">\n\t\t\t<style>\/*! elementor - v3.17.0 - 25-10-2023 *\/\n.elementor-heading-title{padding:0;margin:0;line-height:1}.elementor-widget-heading .elementor-heading-title[class*=elementor-size-]>a{color:inherit;font-size:inherit;line-height:inherit}.elementor-widget-heading .elementor-heading-title.elementor-size-small{font-size:15px}.elementor-widget-heading .elementor-heading-title.elementor-size-medium{font-size:19px}.elementor-widget-heading .elementor-heading-title.elementor-size-large{font-size:29px}.elementor-widget-heading .elementor-heading-title.elementor-size-xl{font-size:39px}.elementor-widget-heading .elementor-heading-title.elementor-size-xxl{font-size:59px}<\/style><h2 class=\"elementor-heading-title elementor-size-default\">Conditions de service<\/h2>\t\t<\/div>\n\t\t\t\t<\/div>\n\t\t\t\t<div class=\"elementor-element elementor-element-f4da18b elementor-widget elementor-widget-text-editor\" data-id=\"f4da18b\" data-element_type=\"widget\" data-widget_type=\"text-editor.default\">\n\t\t\t\t<div class=\"elementor-widget-container\">\n\t\t\t<style>\/*! elementor - v3.17.0 - 25-10-2023 *\/\n.elementor-widget-text-editor.elementor-drop-cap-view-stacked .elementor-drop-cap{background-color:#69727d;color:#fff}.elementor-widget-text-editor.elementor-drop-cap-view-framed .elementor-drop-cap{color:#69727d;border:3px solid;background-color:transparent}.elementor-widget-text-editor:not(.elementor-drop-cap-view-default) .elementor-drop-cap{margin-top:8px}.elementor-widget-text-editor:not(.elementor-drop-cap-view-default) .elementor-drop-cap-letter{width:1em;height:1em}.elementor-widget-text-editor .elementor-drop-cap{float:left;text-align:center;line-height:1;font-size:50px}.elementor-widget-text-editor .elementor-drop-cap-letter{display:inline-block}<\/style>\t\t\t\t<div id=\"content\" class=\"site-content\">\n<div class=\"ast-container\">\n<div id=\"primary\" class=\"content-area primary\">\n<p><\/p><main id=\"main\" class=\"site-main\"><p><\/p>\n<article id=\"post-2607\" class=\"post-2607 page type-page status-publish ast-article-single\">\n<div class=\"entry-content clear\">\n<div class=\"elementor elementor-2607\" data-elementor-type=\"wp-page\" data-elementor-id=\"2607\" data-elementor-post-type=\"page\">\n<div class=\"elementor-element elementor-element-6736d0fb e-flex e-con-boxed e-con e-parent\" data-id=\"6736d0fb\" data-element_type=\"container\" data-settings=\"{&quot;content_width&quot;:&quot;boxed&quot;}\" data-core-v316-plus=\"true\">\n<div class=\"e-con-inner\">\n<div class=\"elementor-element elementor-element-18d01d5e elementor-widget elementor-widget-text-editor\" data-id=\"18d01d5e\" data-element_type=\"widget\" data-widget_type=\"text-editor.default\">\n<div class=\"elementor-widget-container\">\n<div id=\"content\" class=\"site-content\">\n<div class=\"ast-container\">\n<div id=\"primary\" class=\"content-area primary\">\n<p><\/p><main id=\"main\" class=\"site-main\"><p><\/p>\n<article id=\"post-2607\" class=\"post-2607 page type-page status-publish ast-article-single\">\n<div class=\"entry-content clear\">\n<div class=\"elementor elementor-2607\" data-elementor-type=\"wp-page\" data-elementor-id=\"2607\" data-elementor-post-type=\"page\">\n<div class=\"elementor-element elementor-element-6736d0fb e-flex e-con-boxed e-con e-parent\" data-id=\"6736d0fb\" data-element_type=\"container\" data-settings=\"{&quot;content_width&quot;:&quot;boxed&quot;}\" data-core-v316-plus=\"true\">\n<div class=\"e-con-inner\">\n<div class=\"elementor-element elementor-element-18d01d5e elementor-widget elementor-widget-text-editor\" data-id=\"18d01d5e\" data-element_type=\"widget\" data-widget_type=\"text-editor.default\">\n<div class=\"elementor-widget-container\">\n<p><strong><span class=\"spark-text\">1. Introduction<\/span><\/strong><\/p>\n<p><span class=\"spark-text\">Bienvenue au centre commercial ADIBO Global (ci-apr\u00e8s d\u00e9nomm\u00e9 \u00ab ce centre commercial \u00bb). Nous proposons une vari\u00e9t\u00e9 de produits d&#039;entra\u00eenement de badminton, notamment des machines \u00e0 volants de badminton, des balayeuses de badminton, des assistants d&#039;entra\u00eeneur, etc. Avant d&#039;acheter dans notre magasin, veuillez lire attentivement les conditions de service suivantes. Acc\u00e9der ou utiliser cette boutique signifie que vous acceptez d&#039;\u00eatre li\u00e9 par ces conditions de service.<\/span><\/p>\n<p><strong><span class=\"spark-text\">2. Enregistrement et utilisation du compte<\/span><\/strong><\/p>\n<p><span class=\"spark-text\">Pour acheter sur ce site, vous devez cr\u00e9er un compte. Vous acceptez de fournir des informations d\u2019inscription exactes, compl\u00e8tes et \u00e0 jour et de maintenir leur exactitude et leur actualit\u00e9. Vous \u00eates enti\u00e8rement responsable de votre compte et de votre mot de passe et responsable de toute utilisation non autoris\u00e9e.<\/span><\/p>\n<p><strong><span class=\"spark-text\">3. Descriptions des produits et prix<\/span><\/strong><\/p>\n<p><span class=\"spark-text\">Nous nous effor\u00e7ons de garantir l&#039;exactitude des descriptions de produits\u00a0; cependant, certains produits peuvent ne pas \u00eatre exactement conformes \u00e0 la description. Nous nous r\u00e9servons le droit de modifier les prix et les descriptions des produits \u00e0 tout moment et sans pr\u00e9avis. Tous les prix affich\u00e9s sont en dollars am\u00e9ricains (USD) et incluent les taxes sp\u00e9cifi\u00e9es.<\/span><\/p>\n<p><strong><span class=\"spark-text\">4. Traitement des commandes<\/span><\/strong><\/p>\n<p><span class=\"spark-text\">Lorsque vous passez une commande sur ce Site, vous recevrez un email de confirmation de commande. Cela indique que nous avons re\u00e7u votre commande et que nous la traitons. Ce n&#039;est qu&#039;apr\u00e8s l&#039;exp\u00e9dition des marchandises que nous vous enverrons un e-mail de confirmation d&#039;exp\u00e9dition.<\/span><\/p>\n<p><strong><span class=\"spark-text\">5. Politique d&#039;exp\u00e9dition<\/span><\/strong><\/p>\n<p><span class=\"spark-text\">Nous offrons des services d&#039;exp\u00e9dition mondiaux. Les d\u00e9lais et frais d&#039;exp\u00e9dition sp\u00e9cifiques varient en fonction de votre situation g\u00e9ographique et de la m\u00e9thode de livraison choisie.<\/span><\/p>\n<p><strong><span class=\"spark-text\">6. Retours et remboursements<\/span><\/strong><\/p>\n<p><span class=\"spark-text\">Si vous n&#039;\u00eates pas satisfait de votre achat, vous pouvez retourner les produits non utilis\u00e9s dans les 7 jours suivant leur r\u00e9ception pour un remboursement ou un \u00e9change. Veuillez vous r\u00e9f\u00e9rer \u00e0 notre politique de retour pour plus d&#039;informations.<\/span><\/p>\n<p><strong><span class=\"spark-text\">7. Politique de confidentialit\u00e9<\/span><\/strong><\/p>\n<p><span class=\"spark-text\">Nous respectons votre vie priv\u00e9e et prot\u00e9gerons strictement la s\u00e9curit\u00e9 de vos informations personnelles. Veuillez consulter notre politique de confidentialit\u00e9 pour comprendre comment nous collectons, utilisons et divulguons vos informations personnelles.<\/span><\/p>\n<p><strong><span class=\"spark-text\">8. Droit d&#039;auteur et marque d\u00e9pos\u00e9e<\/span><\/strong><\/p>\n<p><span class=\"spark-text\">Tout le contenu de ce site, y compris, mais sans s&#039;y limiter, les textes, images, logos, ic\u00f4nes de boutons, scripts et logiciels, est prot\u00e9g\u00e9 par des droits d&#039;auteur, des marques commerciales et d&#039;autres lois. Aucun mat\u00e9riel ne peut \u00eatre utilis\u00e9 sans notre autorisation \u00e9crite expresse.<\/span><\/p>\n<p><strong><span class=\"spark-text\">9. Exclusion de garantie<\/span><\/strong><\/p>\n<p><span class=\"spark-text\">Nous ne garantissons aucune garantie contre tout dommage indirect, sp\u00e9cial, accidentel ou cons\u00e9cutif, y compris, sans limitation, les dommages d\u00e9coulant de ou en relation avec l&#039;utilisation ou l&#039;incapacit\u00e9 d&#039;utiliser ce site ou son contenu.<\/span><\/p>\n<p><strong><span class=\"spark-text\">10. Loi applicable et r\u00e8glement des litiges<\/span><\/strong><\/p>\n<p><span class=\"spark-text\">Ces conditions d&#039;utilisation sont r\u00e9gies et interpr\u00e9t\u00e9es selon les lois de [pays\/r\u00e9gion applicable]. Tout diff\u00e9rend doit d\u2019abord \u00eatre r\u00e9solu par une n\u00e9gociation amicale. Si la n\u00e9gociation \u00e9choue, le diff\u00e9rend sera soumis \u00e0 [un tribunal ou une institution d&#039;arbitrage sp\u00e9cifique] pour r\u00e9solution.<\/span><\/p>\n<p><strong><span class=\"spark-text\">11. Modifications des Conditions<\/span><\/strong><\/p>\n<p><span class=\"spark-text\">Nous nous r\u00e9servons le droit de modifier ces conditions d&#039;utilisation \u00e0 tout moment et vous en informerons en mettant \u00e0 jour cette page. Votre utilisation continue de ce site constitue votre acceptation de ces modifications.<\/span><\/p>\n<\/div>\n<\/div>\n<\/div>\n<\/div>\n<\/div>\n<\/div>\n<\/article>\n<p><\/p><\/main><\/div>\n<\/div>\n<\/div>\n<\/div>\n<\/div>\n<\/div>\n<\/div>\n<\/div>\n<\/div>\n<\/article>\n<p><\/p><\/main><\/div>\n<\/div>\n<\/div>\t\t\t\t\t\t<\/div>\n\t\t\t\t<\/div>\n\t\t\t\t\t<\/div>\n\t\t\t\t<\/div>\n\t\t\t\t\t\t\t<\/div>","protected":false},"excerpt":{"rendered":"<p>Conditions d&#039;utilisation 1. Introduction Bienvenue dans le centre commercial ADIBO Global (ci-apr\u00e8s d\u00e9nomm\u00e9 \u00ab ce centre commercial \u00bb). Nous proposons une vari\u00e9t\u00e9 de produits d&#039;entra\u00eenement de badminton, notamment des machines \u00e0 volants de badminton, des balayeuses de badminton, des assistants d&#039;entra\u00eeneur, etc. Avant d&#039;acheter dans notre magasin, veuillez lire attentivement les conditions de service suivantes. Acc\u00e9der ou utiliser cette boutique signifie que vous acceptez\u2026<\/p>\n<p class=\"read-more\"> <a class=\"\" href=\"https:\/\/www.adibo.com\/fr\/fhzc\"> <span class=\"screen-reader-text\">Conditions de service<\/span> Lire la suite \u00bb<\/a><\/p>","protected":false},"author":1,"featured_media":0,"parent":0,"menu_order":0,"comment_status":"closed","ping_status":"closed","template":"","meta":{"om_disable_all_campaigns":false,"site-sidebar-layout":"no-sidebar","site-content-layout":"page-builder","ast-site-content-layout":"full-width-container","site-content-style":"default","site-sidebar-style":"default","ast-global-header-display":"","ast-banner-title-visibility":"","ast-main-header-display":"","ast-hfb-above-header-display":"","ast-hfb-below-header-display":"","ast-hfb-mobile-header-display":"","site-post-title":"disabled","ast-breadcrumbs-content":"","ast-featured-img":"disabled","footer-sml-layout":"","theme-transparent-header-meta":"default","adv-header-id-meta":"","stick-header-meta":"default","header-above-stick-meta":"","header-main-stick-meta":"","header-below-stick-meta":"","astra-migrate-meta-layouts":"set","ast-page-background-enabled":"default","ast-page-background-meta":{"desktop":{"background-color":"var(--ast-global-color-4)","background-image":"","background-repeat":"repeat","background-position":"center center","background-size":"auto","background-attachment":"scroll","background-type":"","background-media":"","overlay-type":"","overlay-color":"","overlay-gradient":""},"tablet":{"background-color":"","background-image":"","background-repeat":"repeat","background-position":"center center","background-size":"auto","background-attachment":"scroll","background-type":"","background-media":"","overlay-type":"","overlay-color":"","overlay-gradient":""},"mobile":{"background-color":"","background-image":"","background-repeat":"repeat","background-position":"center center","background-size":"auto","background-attachment":"scroll","background-type":"","background-media":"","overlay-type":"","overlay-color":"","overlay-gradient":""}},"ast-content-background-meta":{"desktop":{"background-color":"var(--ast-global-color-5)","background-image":"","background-repeat":"repeat","background-position":"center center","background-size":"auto","background-attachment":"scroll","background-type":"","background-media":"","overlay-type":"","overlay-color":"","overlay-gradient":""},"tablet":{"background-color":"var(--ast-global-color-5)","background-image":"","background-repeat":"repeat","background-position":"center center","background-size":"auto","background-attachment":"scroll","background-type":"","background-media":"","overlay-type":"","overlay-color":"","overlay-gradient":""},"mobile":{"background-color":"var(--ast-global-color-5)","background-image":"","background-repeat":"repeat","background-position":"center center","background-size":"auto","background-attachment":"scroll","background-type":"","background-media":"","overlay-type":"","overlay-color":"","overlay-gradient":""}},"footnotes":""},"class_list":["post-1471","page","type-page","status-publish","hentry"],"_links":{"self":[{"href":"https:\/\/www.adibo.com\/fr\/wp-json\/wp\/v2\/pages\/1471","targetHints":{"allow":["GET"]}}],"collection":[{"href":"https:\/\/www.adibo.com\/fr\/wp-json\/wp\/v2\/pages"}],"about":[{"href":"https:\/\/www.adibo.com\/fr\/wp-json\/wp\/v2\/types\/page"}],"author":[{"embeddable":true,"href":"https:\/\/www.adibo.com\/fr\/wp-json\/wp\/v2\/users\/1"}],"replies":[{"embeddable":true,"href":"https:\/\/www.adibo.com\/fr\/wp-json\/wp\/v2\/comments?post=1471"}],"version-history":[{"count":0,"href":"https:\/\/www.adibo.com\/fr\/wp-json\/wp\/v2\/pages\/1471\/revisions"}],"wp:attachment":[{"href":"https:\/\/www.adibo.com\/fr\/wp-json\/wp\/v2\/media?parent=1471"}],"curies":[{"name":"wp","href":"https:\/\/api.w.org\/{rel}","templated":true}]}}