{"id":1418,"date":"2023-12-18T16:16:42","date_gmt":"2023-12-18T08:16:42","guid":{"rendered":"http:\/\/adibo.ichuanghui.cn\/?page_id=1418"},"modified":"2025-12-24T14:37:42","modified_gmt":"2025-12-24T06:37:42","slug":"wlzc","status":"publish","type":"page","link":"https:\/\/www.adibo.com\/pt\/wlzc","title":{"rendered":"pol\u00edtica de log\u00edstica"},"content":{"rendered":"<div data-elementor-type=\"wp-page\" data-elementor-id=\"1418\" class=\"elementor elementor-1418\" data-elementor-post-type=\"page\">\n\t\t\t\t\t\t\t<div class=\"elementor-element elementor-element-118013a e-flex e-con-boxed e-con e-parent\" data-id=\"118013a\" data-element_type=\"container\" data-settings=\"{&quot;content_width&quot;:&quot;boxed&quot;}\" data-core-v316-plus=\"true\">\n\t\t\t\t\t<div class=\"e-con-inner\">\n\t\t\t\t<div class=\"elementor-element elementor-element-b148412 elementor-widget elementor-widget-heading\" data-id=\"b148412\" data-element_type=\"widget\" data-widget_type=\"heading.default\">\n\t\t\t\t<div class=\"elementor-widget-container\">\n\t\t\t<style>\/*! elementor - v3.17.0 - 25-10-2023 *\/\n.elementor-heading-title{padding:0;margin:0;line-height:1}.elementor-widget-heading .elementor-heading-title[class*=elementor-size-]>a{color:inherit;font-size:inherit;line-height:inherit}.elementor-widget-heading .elementor-heading-title.elementor-size-small{font-size:15px}.elementor-widget-heading .elementor-heading-title.elementor-size-medium{font-size:19px}.elementor-widget-heading .elementor-heading-title.elementor-size-large{font-size:29px}.elementor-widget-heading .elementor-heading-title.elementor-size-xl{font-size:39px}.elementor-widget-heading .elementor-heading-title.elementor-size-xxl{font-size:59px}<\/style><h2 class=\"elementor-heading-title elementor-size-default\">Pol\u00edtica de Envio<\/h2>\t\t<\/div>\n\t\t\t\t<\/div>\n\t\t\t\t<div class=\"elementor-element elementor-element-6207c84 elementor-widget elementor-widget-text-editor\" data-id=\"6207c84\" data-element_type=\"widget\" data-widget_type=\"text-editor.default\">\n\t\t\t\t<div class=\"elementor-widget-container\">\n\t\t\t<style>\/*! elementor - v3.17.0 - 25-10-2023 *\/\n.elementor-widget-text-editor.elementor-drop-cap-view-stacked .elementor-drop-cap{background-color:#69727d;color:#fff}.elementor-widget-text-editor.elementor-drop-cap-view-framed .elementor-drop-cap{color:#69727d;border:3px solid;background-color:transparent}.elementor-widget-text-editor:not(.elementor-drop-cap-view-default) .elementor-drop-cap{margin-top:8px}.elementor-widget-text-editor:not(.elementor-drop-cap-view-default) .elementor-drop-cap-letter{width:1em;height:1em}.elementor-widget-text-editor .elementor-drop-cap{float:left;text-align:center;line-height:1;font-size:50px}.elementor-widget-text-editor .elementor-drop-cap-letter{display:inline-block}<\/style>\t\t\t\t<p><span class=\"spark-text\">Obrigado por escolher ADIBO(www.adibo.com) como sua plataforma de compras. Para garantir que voc\u00ea tenha a melhor experi\u00eancia de atendimento durante suas compras, estabelecemos a seguinte pol\u00edtica de envio:<\/span><\/p>\n<ol>\n<li><span class=\"spark-text\">Faixa de entrega: Nossa faixa de entrega cobre a maioria dos pa\u00edses e regi\u00f5es ao redor do mundo. Consulte a p\u00e1gina detalhada da sua regi\u00e3o para obter informa\u00e7\u00f5es espec\u00edficas de entrega.<\/span><\/li>\n<li><span class=\"spark-text\">M\u00e9todos de entrega: Oferecemos uma variedade de m\u00e9todos de entrega para sua sele\u00e7\u00e3o, incluindo frete mar\u00edtimo (30-50 dias). Para m\u00e9todos de entrega espec\u00edficos, consulte a p\u00e1gina detalhada da sua regi\u00e3o.<\/span><\/li>\n<li><span class=\"spark-text\">Contato de Atendimento ao Cliente: Se voc\u00ea tiver alguma d\u00favida, n\u00e3o hesite em nos contatar atrav\u00e9s dos seguintes m\u00e9todos:<\/span>\n<ul>\n<li><span class=\"spark-text\">E-mail de atendimento ao cliente: adibo@adibo.com<\/span><\/li>\n<li><span class=\"spark-text\">Telefone de Atendimento ao Cliente: +86 400-000-9773<\/span><\/li>\n<\/ul>\n<\/li>\n<li><span class=\"spark-text\">Impostos, taxas e impostos de importa\u00e7\u00e3o cobrados pelo pa\u00eds\/regi\u00e3o de destino: Embora raro, o envio internacional pode exigir o pagamento de impostos, taxas e impostos de importa\u00e7\u00e3o cobrados pelo pa\u00eds\/regi\u00e3o de destino. Voc\u00ea ser\u00e1 respons\u00e1vel por esses custos. \u00c9 sua responsabilidade passar pela alf\u00e2ndega das mercadorias enviadas. Quando s\u00e3o necess\u00e1rios procedimentos de desembara\u00e7o aduaneiro, voc\u00ea \u00e9 respons\u00e1vel por cooperar diretamente com a transportadora ou a alf\u00e2ndega.<\/span><\/li>\n<li><span class=\"spark-text\">Custos causados pelo destinat\u00e1rio, como altera\u00e7\u00f5es de endere\u00e7o, reten\u00e7\u00e3o de pacotes, taxas de devolu\u00e7\u00e3o, etc.: O destinat\u00e1rio tamb\u00e9m \u00e9 respons\u00e1vel pelo pagamento dos custos causados por altera\u00e7\u00f5es de endere\u00e7o, reten\u00e7\u00e3o de pacotes, taxas de devolu\u00e7\u00e3o, etc., incorridos pelo destinat\u00e1rio. Portanto, certifique-se de ter as informa\u00e7\u00f5es de endere\u00e7o corretas, incluindo um n\u00famero de telefone armazenado.<\/span><\/li>\n<\/ol>\n<p><span class=\"spark-text\">PERGUNTAS FREQUENTES:<\/span><\/p>\n<ol>\n<li><span class=\"spark-text\">Em quais pa\u00edses voc\u00ea entrega?<\/span><\/li>\n<\/ol>\n<p><span class=\"spark-text\">We ship globally, excluding regions marked as restricted or high-risk by courier services, such as Belarus, Ivory Coast, Cuba, Democratic Republic of the Congo, Iran, Iraq, Lebanon, Liberia, North Korea, Sierra Leone, Sudan, Syria, and Zimbabwe.&nbsp;<\/span><\/p>\n<ol start=\"2\">\n<li><span class=\"spark-text\">Quando a minha encomenda ser\u00e1 enviada?<\/span><\/li>\n<\/ol>\n<p><span class=\"spark-text\">Nosso objetivo \u00e9 enviar em lote todos os pedidos duas vezes por semana. *A data real de envio pode variar. Manteremos voc\u00ea informado sobre a data de envio de seus produtos.<\/span><\/p>\n<p><span class=\"spark-text\">\u00c9 essencial manter o endere\u00e7o e o n\u00famero de telefone corretos em arquivo. Informa\u00e7\u00f5es de endere\u00e7o incorretas podem levar a custos de devolu\u00e7\u00e3o muito elevados.<\/span><\/p>\n<ol start=\"3\">\n<li><span class=\"spark-text\">Devo pagar o IVA\/imposto sobre vendas europeu?<\/span><\/li>\n<\/ol>\n<p><span class=\"spark-text\">Sim, o valor depender\u00e1 da regulamenta\u00e7\u00e3o do seu pa\u00eds\/regi\u00e3o.<\/span><\/p>\n<p><span class=\"spark-text\">Temos o compromisso de atend\u00ea-lo com dedica\u00e7\u00e3o e aguardamos sua visita!<\/span><\/p>\t\t\t\t\t\t<\/div>\n\t\t\t\t<\/div>\n\t\t\t\t\t<\/div>\n\t\t\t\t<\/div>\n\t\t\t\t\t\t\t<\/div>","protected":false},"excerpt":{"rendered":"<p>Pol\u00edtica de envio Obrigado por escolher ADIBO (www.adibo.com) como sua plataforma de compras. Para garantir que voc\u00ea tenha a melhor experi\u00eancia de servi\u00e7o durante suas compras, estabelecemos a seguinte pol\u00edtica de envio: Faixa de entrega: Nossa faixa de entrega cobre a maioria dos pa\u00edses e regi\u00f5es ao redor do mundo. Consulte a p\u00e1gina detalhada da sua regi\u00e3o para entrega espec\u00edfica\u2026<\/p>\n<p class=\"read-more\"> <a class=\"\" href=\"https:\/\/www.adibo.com\/pt\/wlzc\"> <span class=\"screen-reader-text\">pol\u00edtica de log\u00edstica<\/span> Consulte Mais informa\u00e7\u00e3o &quot;<\/a><\/p>","protected":false},"author":1,"featured_media":0,"parent":0,"menu_order":0,"comment_status":"closed","ping_status":"closed","template":"","meta":{"om_disable_all_campaigns":false,"site-sidebar-layout":"no-sidebar","site-content-layout":"page-builder","ast-site-content-layout":"full-width-container","site-content-style":"default","site-sidebar-style":"default","ast-global-header-display":"","ast-banner-title-visibility":"","ast-main-header-display":"","ast-hfb-above-header-display":"","ast-hfb-below-header-display":"","ast-hfb-mobile-header-display":"","site-post-title":"disabled","ast-breadcrumbs-content":"","ast-featured-img":"disabled","footer-sml-layout":"","theme-transparent-header-meta":"default","adv-header-id-meta":"","stick-header-meta":"default","header-above-stick-meta":"","header-main-stick-meta":"","header-below-stick-meta":"","astra-migrate-meta-layouts":"set","ast-page-background-enabled":"default","ast-page-background-meta":{"desktop":{"background-color":"var(--ast-global-color-4)","background-image":"","background-repeat":"repeat","background-position":"center center","background-size":"auto","background-attachment":"scroll","background-type":"","background-media":"","overlay-type":"","overlay-color":"","overlay-gradient":""},"tablet":{"background-color":"","background-image":"","background-repeat":"repeat","background-position":"center center","background-size":"auto","background-attachment":"scroll","background-type":"","background-media":"","overlay-type":"","overlay-color":"","overlay-gradient":""},"mobile":{"background-color":"","background-image":"","background-repeat":"repeat","background-position":"center center","background-size":"auto","background-attachment":"scroll","background-type":"","background-media":"","overlay-type":"","overlay-color":"","overlay-gradient":""}},"ast-content-background-meta":{"desktop":{"background-color":"var(--ast-global-color-5)","background-image":"","background-repeat":"repeat","background-position":"center center","background-size":"auto","background-attachment":"scroll","background-type":"","background-media":"","overlay-type":"","overlay-color":"","overlay-gradient":""},"tablet":{"background-color":"var(--ast-global-color-5)","background-image":"","background-repeat":"repeat","background-position":"center center","background-size":"auto","background-attachment":"scroll","background-type":"","background-media":"","overlay-type":"","overlay-color":"","overlay-gradient":""},"mobile":{"background-color":"var(--ast-global-color-5)","background-image":"","background-repeat":"repeat","background-position":"center center","background-size":"auto","background-attachment":"scroll","background-type":"","background-media":"","overlay-type":"","overlay-color":"","overlay-gradient":""}},"footnotes":""},"class_list":["post-1418","page","type-page","status-publish","hentry"],"_links":{"self":[{"href":"https:\/\/www.adibo.com\/pt\/wp-json\/wp\/v2\/pages\/1418","targetHints":{"allow":["GET"]}}],"collection":[{"href":"https:\/\/www.adibo.com\/pt\/wp-json\/wp\/v2\/pages"}],"about":[{"href":"https:\/\/www.adibo.com\/pt\/wp-json\/wp\/v2\/types\/page"}],"author":[{"embeddable":true,"href":"https:\/\/www.adibo.com\/pt\/wp-json\/wp\/v2\/users\/1"}],"replies":[{"embeddable":true,"href":"https:\/\/www.adibo.com\/pt\/wp-json\/wp\/v2\/comments?post=1418"}],"version-history":[{"count":3,"href":"https:\/\/www.adibo.com\/pt\/wp-json\/wp\/v2\/pages\/1418\/revisions"}],"predecessor-version":[{"id":3088,"href":"https:\/\/www.adibo.com\/pt\/wp-json\/wp\/v2\/pages\/1418\/revisions\/3088"}],"wp:attachment":[{"href":"https:\/\/www.adibo.com\/pt\/wp-json\/wp\/v2\/media?parent=1418"}],"curies":[{"name":"wp","href":"https:\/\/api.w.org\/{rel}","templated":true}]}}