{"id":1471,"date":"2023-12-21T13:30:50","date_gmt":"2023-12-21T05:30:50","guid":{"rendered":"http:\/\/adibo.ichuanghui.cn\/?page_id=1471"},"modified":"2024-03-29T10:50:23","modified_gmt":"2024-03-29T02:50:23","slug":"fhzc","status":"publish","type":"page","link":"https:\/\/www.adibo.com\/pt\/fhzc","title":{"rendered":"Termos de Servi\u00e7o"},"content":{"rendered":"<div data-elementor-type=\"wp-page\" data-elementor-id=\"1471\" class=\"elementor elementor-1471\" data-elementor-post-type=\"page\">\n\t\t\t\t\t\t\t<div class=\"elementor-element elementor-element-46f36f7 e-flex e-con-boxed e-con e-parent\" data-id=\"46f36f7\" data-element_type=\"container\" data-settings=\"{&quot;content_width&quot;:&quot;boxed&quot;}\" data-core-v316-plus=\"true\">\n\t\t\t\t\t<div class=\"e-con-inner\">\n\t\t\t\t<div class=\"elementor-element elementor-element-0f722b7 elementor-widget elementor-widget-heading\" data-id=\"0f722b7\" data-element_type=\"widget\" data-widget_type=\"heading.default\">\n\t\t\t\t<div class=\"elementor-widget-container\">\n\t\t\t<style>\/*! elementor - v3.17.0 - 25-10-2023 *\/\n.elementor-heading-title{padding:0;margin:0;line-height:1}.elementor-widget-heading .elementor-heading-title[class*=elementor-size-]>a{color:inherit;font-size:inherit;line-height:inherit}.elementor-widget-heading .elementor-heading-title.elementor-size-small{font-size:15px}.elementor-widget-heading .elementor-heading-title.elementor-size-medium{font-size:19px}.elementor-widget-heading .elementor-heading-title.elementor-size-large{font-size:29px}.elementor-widget-heading .elementor-heading-title.elementor-size-xl{font-size:39px}.elementor-widget-heading .elementor-heading-title.elementor-size-xxl{font-size:59px}<\/style><h2 class=\"elementor-heading-title elementor-size-default\">Termos de Servi\u00e7o<\/h2>\t\t<\/div>\n\t\t\t\t<\/div>\n\t\t\t\t<div class=\"elementor-element elementor-element-f4da18b elementor-widget elementor-widget-text-editor\" data-id=\"f4da18b\" data-element_type=\"widget\" data-widget_type=\"text-editor.default\">\n\t\t\t\t<div class=\"elementor-widget-container\">\n\t\t\t<style>\/*! elementor - v3.17.0 - 25-10-2023 *\/\n.elementor-widget-text-editor.elementor-drop-cap-view-stacked .elementor-drop-cap{background-color:#69727d;color:#fff}.elementor-widget-text-editor.elementor-drop-cap-view-framed .elementor-drop-cap{color:#69727d;border:3px solid;background-color:transparent}.elementor-widget-text-editor:not(.elementor-drop-cap-view-default) .elementor-drop-cap{margin-top:8px}.elementor-widget-text-editor:not(.elementor-drop-cap-view-default) .elementor-drop-cap-letter{width:1em;height:1em}.elementor-widget-text-editor .elementor-drop-cap{float:left;text-align:center;line-height:1;font-size:50px}.elementor-widget-text-editor .elementor-drop-cap-letter{display:inline-block}<\/style>\t\t\t\t<div id=\"content\" class=\"site-content\">\n<div class=\"ast-container\">\n<div id=\"primary\" class=\"content-area primary\">\n<p><\/p><main id=\"main\" class=\"site-main\"><p><\/p>\n<article id=\"post-2607\" class=\"post-2607 page type-page status-publish ast-article-single\">\n<div class=\"entry-content clear\">\n<div class=\"elementor elementor-2607\" data-elementor-type=\"wp-page\" data-elementor-id=\"2607\" data-elementor-post-type=\"page\">\n<div class=\"elementor-element elementor-element-6736d0fb e-flex e-con-boxed e-con e-parent\" data-id=\"6736d0fb\" data-element_type=\"container\" data-settings=\"{&quot;content_width&quot;:&quot;boxed&quot;}\" data-core-v316-plus=\"true\">\n<div class=\"e-con-inner\">\n<div class=\"elementor-element elementor-element-18d01d5e elementor-widget elementor-widget-text-editor\" data-id=\"18d01d5e\" data-element_type=\"widget\" data-widget_type=\"text-editor.default\">\n<div class=\"elementor-widget-container\">\n<div id=\"content\" class=\"site-content\">\n<div class=\"ast-container\">\n<div id=\"primary\" class=\"content-area primary\">\n<p><\/p><main id=\"main\" class=\"site-main\"><p><\/p>\n<article id=\"post-2607\" class=\"post-2607 page type-page status-publish ast-article-single\">\n<div class=\"entry-content clear\">\n<div class=\"elementor elementor-2607\" data-elementor-type=\"wp-page\" data-elementor-id=\"2607\" data-elementor-post-type=\"page\">\n<div class=\"elementor-element elementor-element-6736d0fb e-flex e-con-boxed e-con e-parent\" data-id=\"6736d0fb\" data-element_type=\"container\" data-settings=\"{&quot;content_width&quot;:&quot;boxed&quot;}\" data-core-v316-plus=\"true\">\n<div class=\"e-con-inner\">\n<div class=\"elementor-element elementor-element-18d01d5e elementor-widget elementor-widget-text-editor\" data-id=\"18d01d5e\" data-element_type=\"widget\" data-widget_type=\"text-editor.default\">\n<div class=\"elementor-widget-container\">\n<p><strong><span class=\"spark-text\">1. Introdu\u00e7\u00e3o<\/span><\/strong><\/p>\n<p><span class=\"spark-text\">Bem-vindo ao ADIBO Global Shopping Mall (doravante denominado \u201ceste shopping\u201d). Fornecemos uma variedade de produtos de treinamento de badminton, incluindo m\u00e1quinas de peteca de badminton, varredores de badminton, assistentes de treinador, etc. Antes de comprar em nossa loja, leia atentamente os seguintes termos de servi\u00e7o. Acessar ou usar esta loja significa que voc\u00ea concorda em obedecer a estes termos de servi\u00e7o.<\/span><\/p>\n<p><strong><span class=\"spark-text\">2. Registro e uso da conta<\/span><\/strong><\/p>\n<p><span class=\"spark-text\">Para comprar neste Site, voc\u00ea precisa criar uma conta. Voc\u00ea concorda em fornecer informa\u00e7\u00f5es de registro precisas, completas e atuais e manter sua precis\u00e3o e atualidade. Voc\u00ea \u00e9 totalmente respons\u00e1vel por sua conta e senha e por qualquer uso n\u00e3o autorizado.<\/span><\/p>\n<p><strong><span class=\"spark-text\">3. Descri\u00e7\u00f5es e pre\u00e7os dos produtos<\/span><\/strong><\/p>\n<p><span class=\"spark-text\">N\u00f3s nos esfor\u00e7amos para garantir a precis\u00e3o das descri\u00e7\u00f5es dos produtos; no entanto, alguns produtos podem n\u00e3o estar exatamente em conformidade com a descri\u00e7\u00e3o. Reservamo-nos o direito de alterar os pre\u00e7os e descri\u00e7\u00f5es dos produtos a qualquer momento sem aviso pr\u00e9vio. Todos os pre\u00e7os exibidos est\u00e3o em d\u00f3lares dos Estados Unidos (USD) e incluem os impostos especificados.<\/span><\/p>\n<p><strong><span class=\"spark-text\">4. Processamento de pedidos<\/span><\/strong><\/p>\n<p><span class=\"spark-text\">Ao fazer um pedido neste Site, voc\u00ea receber\u00e1 um e-mail de confirma\u00e7\u00e3o do pedido. Isso indica que recebemos seu pedido e o estamos processando. Somente ap\u00f3s o envio da mercadoria enviaremos um e-mail de confirma\u00e7\u00e3o de envio.<\/span><\/p>\n<p><strong><span class=\"spark-text\">5. Pol\u00edtica de envio<\/span><\/strong><\/p>\n<p><span class=\"spark-text\">Oferecemos servi\u00e7os de remessa global. Os tempos e custos de envio espec\u00edficos variam dependendo da sua localiza\u00e7\u00e3o geogr\u00e1fica e do m\u00e9todo de entrega escolhido.<\/span><\/p>\n<p><strong><span class=\"spark-text\">6. Devolu\u00e7\u00f5es e Reembolsos<\/span><\/strong><\/p>\n<p><span class=\"spark-text\">Se n\u00e3o estiver satisfeito com sua compra, voc\u00ea pode devolver os produtos n\u00e3o utilizados no prazo de 7 dias ap\u00f3s o recebimento para reembolso ou troca. Consulte nossa pol\u00edtica de devolu\u00e7\u00e3o para obter mais informa\u00e7\u00f5es.<\/span><\/p>\n<p><strong><span class=\"spark-text\">7. Pol\u00edtica de Privacidade<\/span><\/strong><\/p>\n<p><span class=\"spark-text\">Respeitamos a sua privacidade e protegeremos rigorosamente a seguran\u00e7a das suas informa\u00e7\u00f5es pessoais. Por favor, revise nossa pol\u00edtica de privacidade para entender como coletamos, usamos e divulgamos suas informa\u00e7\u00f5es pessoais.<\/span><\/p>\n<p><strong><span class=\"spark-text\">8. Direitos autorais e marca registrada<\/span><\/strong><\/p>\n<p><span class=\"spark-text\">Todo o conte\u00fado deste Site, incluindo, entre outros, textos, imagens, logotipos, \u00edcones de bot\u00f5es, scripts e software, \u00e9 protegido por direitos autorais, marcas registradas e outras leis. Nenhum material pode ser usado sem nossa permiss\u00e3o expressa por escrito.<\/span><\/p>\n<p><strong><span class=\"spark-text\">9. Isen\u00e7\u00e3o de responsabilidade de garantia<\/span><\/strong><\/p>\n<p><span class=\"spark-text\">N\u00e3o garantimos quaisquer danos indiretos, especiais, incidentais ou consequenciais, incluindo, sem limita\u00e7\u00e3o, danos decorrentes ou relacionados ao uso ou incapacidade de uso deste Site ou de seu conte\u00fado.<\/span><\/p>\n<p><strong><span class=\"spark-text\">10. Legisla\u00e7\u00e3o Aplic\u00e1vel e Resolu\u00e7\u00e3o de Disputas<\/span><\/strong><\/p>\n<p><span class=\"spark-text\">Estes termos de servi\u00e7o s\u00e3o regidos e interpretados de acordo com as leis de [pa\u00eds\/regi\u00e3o aplic\u00e1vel]. Qualquer disputa ser\u00e1 primeiro resolvida atrav\u00e9s de negocia\u00e7\u00e3o amig\u00e1vel. Se a negocia\u00e7\u00e3o falhar, a disputa ser\u00e1 submetida a [tribunal ou institui\u00e7\u00e3o arbitral espec\u00edfica] para resolu\u00e7\u00e3o.<\/span><\/p>\n<p><strong><span class=\"spark-text\">11. Altera\u00e7\u00f5es nos Termos<\/span><\/strong><\/p>\n<p><span class=\"spark-text\">Reservamo-nos o direito de modificar estes termos de servi\u00e7o a qualquer momento e iremos notific\u00e1-lo atualizando esta p\u00e1gina. O uso continuado deste Site constitui sua aceita\u00e7\u00e3o de tais altera\u00e7\u00f5es.<\/span><\/p>\n<\/div>\n<\/div>\n<\/div>\n<\/div>\n<\/div>\n<\/div>\n<\/article>\n<p><\/p><\/main><\/div>\n<\/div>\n<\/div>\n<\/div>\n<\/div>\n<\/div>\n<\/div>\n<\/div>\n<\/div>\n<\/article>\n<p><\/p><\/main><\/div>\n<\/div>\n<\/div>\t\t\t\t\t\t<\/div>\n\t\t\t\t<\/div>\n\t\t\t\t\t<\/div>\n\t\t\t\t<\/div>\n\t\t\t\t\t\t\t<\/div>","protected":false},"excerpt":{"rendered":"<p>Termos de Servi\u00e7o 1. Introdu\u00e7\u00e3o Bem-vindo ao ADIBO Global Shopping Mall (doravante denominado \u201ceste shopping\u201d). Fornecemos uma variedade de produtos de treinamento de badminton, incluindo m\u00e1quinas de peteca de badminton, varredores de badminton, assistentes de treinador, etc. Antes de comprar em nossa loja, leia atentamente os seguintes termos de servi\u00e7o. Acessar ou usar esta loja significa que voc\u00ea concorda\u2026<\/p>\n<p class=\"read-more\"> <a class=\"\" href=\"https:\/\/www.adibo.com\/pt\/fhzc\"> <span class=\"screen-reader-text\">Termos de Servi\u00e7o<\/span> Consulte Mais informa\u00e7\u00e3o &quot;<\/a><\/p>","protected":false},"author":1,"featured_media":0,"parent":0,"menu_order":0,"comment_status":"closed","ping_status":"closed","template":"","meta":{"om_disable_all_campaigns":false,"site-sidebar-layout":"no-sidebar","site-content-layout":"page-builder","ast-site-content-layout":"full-width-container","site-content-style":"default","site-sidebar-style":"default","ast-global-header-display":"","ast-banner-title-visibility":"","ast-main-header-display":"","ast-hfb-above-header-display":"","ast-hfb-below-header-display":"","ast-hfb-mobile-header-display":"","site-post-title":"disabled","ast-breadcrumbs-content":"","ast-featured-img":"disabled","footer-sml-layout":"","theme-transparent-header-meta":"default","adv-header-id-meta":"","stick-header-meta":"default","header-above-stick-meta":"","header-main-stick-meta":"","header-below-stick-meta":"","astra-migrate-meta-layouts":"set","ast-page-background-enabled":"default","ast-page-background-meta":{"desktop":{"background-color":"var(--ast-global-color-4)","background-image":"","background-repeat":"repeat","background-position":"center center","background-size":"auto","background-attachment":"scroll","background-type":"","background-media":"","overlay-type":"","overlay-color":"","overlay-gradient":""},"tablet":{"background-color":"","background-image":"","background-repeat":"repeat","background-position":"center center","background-size":"auto","background-attachment":"scroll","background-type":"","background-media":"","overlay-type":"","overlay-color":"","overlay-gradient":""},"mobile":{"background-color":"","background-image":"","background-repeat":"repeat","background-position":"center center","background-size":"auto","background-attachment":"scroll","background-type":"","background-media":"","overlay-type":"","overlay-color":"","overlay-gradient":""}},"ast-content-background-meta":{"desktop":{"background-color":"var(--ast-global-color-5)","background-image":"","background-repeat":"repeat","background-position":"center center","background-size":"auto","background-attachment":"scroll","background-type":"","background-media":"","overlay-type":"","overlay-color":"","overlay-gradient":""},"tablet":{"background-color":"var(--ast-global-color-5)","background-image":"","background-repeat":"repeat","background-position":"center center","background-size":"auto","background-attachment":"scroll","background-type":"","background-media":"","overlay-type":"","overlay-color":"","overlay-gradient":""},"mobile":{"background-color":"var(--ast-global-color-5)","background-image":"","background-repeat":"repeat","background-position":"center center","background-size":"auto","background-attachment":"scroll","background-type":"","background-media":"","overlay-type":"","overlay-color":"","overlay-gradient":""}},"footnotes":""},"class_list":["post-1471","page","type-page","status-publish","hentry"],"_links":{"self":[{"href":"https:\/\/www.adibo.com\/pt\/wp-json\/wp\/v2\/pages\/1471","targetHints":{"allow":["GET"]}}],"collection":[{"href":"https:\/\/www.adibo.com\/pt\/wp-json\/wp\/v2\/pages"}],"about":[{"href":"https:\/\/www.adibo.com\/pt\/wp-json\/wp\/v2\/types\/page"}],"author":[{"embeddable":true,"href":"https:\/\/www.adibo.com\/pt\/wp-json\/wp\/v2\/users\/1"}],"replies":[{"embeddable":true,"href":"https:\/\/www.adibo.com\/pt\/wp-json\/wp\/v2\/comments?post=1471"}],"version-history":[{"count":0,"href":"https:\/\/www.adibo.com\/pt\/wp-json\/wp\/v2\/pages\/1471\/revisions"}],"wp:attachment":[{"href":"https:\/\/www.adibo.com\/pt\/wp-json\/wp\/v2\/media?parent=1471"}],"curies":[{"name":"wp","href":"https:\/\/api.w.org\/{rel}","templated":true}]}}