{"id":2339,"date":"2024-07-19T17:19:10","date_gmt":"2024-07-19T09:19:10","guid":{"rendered":"https:\/\/www.adibo.com\/?page_id=2339"},"modified":"2025-08-07T16:53:07","modified_gmt":"2025-08-07T08:53:07","slug":"t500","status":"publish","type":"page","link":"https:\/\/www.adibo.com\/pt\/t500","title":{"rendered":"T500"},"content":{"rendered":"<div data-elementor-type=\"wp-page\" data-elementor-id=\"2339\" class=\"elementor elementor-2339\" data-elementor-post-type=\"page\">\n\t\t\t\t\t\t\t<div class=\"elementor-element elementor-element-7296983 e-con-full e-flex e-con e-parent\" data-id=\"7296983\" data-element_type=\"container\" data-settings=\"{&quot;content_width&quot;:&quot;full&quot;,&quot;background_background&quot;:&quot;classic&quot;}\" data-core-v316-plus=\"true\">\n\t\t<div class=\"elementor-element elementor-element-44d2fa6 e-con-full e-flex e-con e-child\" data-id=\"44d2fa6\" data-element_type=\"container\" data-settings=\"{&quot;content_width&quot;:&quot;full&quot;}\">\n\t\t\t\t<div class=\"elementor-element elementor-element-038bbe7 elementor-widget elementor-widget-heading\" data-id=\"038bbe7\" data-element_type=\"widget\" data-widget_type=\"heading.default\">\n\t\t\t\t<div class=\"elementor-widget-container\">\n\t\t\t<style>\/*! elementor - v3.17.0 - 25-10-2023 *\/\n.elementor-heading-title{padding:0;margin:0;line-height:1}.elementor-widget-heading .elementor-heading-title[class*=elementor-size-]>a{color:inherit;font-size:inherit;line-height:inherit}.elementor-widget-heading .elementor-heading-title.elementor-size-small{font-size:15px}.elementor-widget-heading .elementor-heading-title.elementor-size-medium{font-size:19px}.elementor-widget-heading .elementor-heading-title.elementor-size-large{font-size:29px}.elementor-widget-heading .elementor-heading-title.elementor-size-xl{font-size:39px}.elementor-widget-heading .elementor-heading-title.elementor-size-xxl{font-size:59px}<\/style><h2 class=\"elementor-heading-title elementor-size-default\">T500<\/h2>\t\t<\/div>\n\t\t\t\t<\/div>\n\t\t\t\t<\/div>\n\t\t<div class=\"elementor-element elementor-element-a6e8252 e-con-full e-flex e-con e-child\" data-id=\"a6e8252\" data-element_type=\"container\" data-settings=\"{&quot;content_width&quot;:&quot;full&quot;}\">\n\t\t<div class=\"elementor-element elementor-element-1172f7e e-con-full e-flex e-con e-child\" data-id=\"1172f7e\" data-element_type=\"container\" data-settings=\"{&quot;content_width&quot;:&quot;full&quot;,&quot;background_background&quot;:&quot;classic&quot;}\">\n\t\t\t\t<div class=\"elementor-element elementor-element-fe818c1 elementor-widget elementor-widget-heading\" data-id=\"fe818c1\" data-element_type=\"widget\" data-widget_type=\"heading.default\">\n\t\t\t\t<div class=\"elementor-widget-container\">\n\t\t\t<h2 class=\"elementor-heading-title elementor-size-default\">Par\u00e2metro t\u00e9cnico<\/h2>\t\t<\/div>\n\t\t\t\t<\/div>\n\t\t\t\t<\/div>\n\t\t<div class=\"elementor-element elementor-element-6002d31 e-con-full e-flex e-con e-child\" data-id=\"6002d31\" data-element_type=\"container\" data-settings=\"{&quot;content_width&quot;:&quot;full&quot;}\">\n\t\t\t\t<div class=\"elementor-element elementor-element-6ed0e58 elementor-mobile-align-center elementor-widget elementor-widget-button\" data-id=\"6ed0e58\" data-element_type=\"widget\" data-widget_type=\"button.default\">\n\t\t\t\t<div class=\"elementor-widget-container\">\n\t\t\t\t\t<div class=\"elementor-button-wrapper\">\n\t\t\t<a class=\"elementor-button elementor-button-link elementor-size-sm\" href=\"https:\/\/store.adibo.net\/product\/t500\">\n\t\t\t\t\t\t<span class=\"elementor-button-content-wrapper\">\n\t\t\t\t\t\t<span class=\"elementor-button-text\">Comprar agora<\/span>\n\t\t<\/span>\n\t\t\t\t\t<\/a>\n\t\t<\/div>\n\t\t\t\t<\/div>\n\t\t\t\t<\/div>\n\t\t\t\t<\/div>\n\t\t\t\t<\/div>\n\t\t\t\t<\/div>\n\t\t<div class=\"elementor-element elementor-element-6248a9c e-con-full e-flex e-con e-parent\" data-id=\"6248a9c\" data-element_type=\"container\" data-settings=\"{&quot;content_width&quot;:&quot;full&quot;,&quot;background_background&quot;:&quot;classic&quot;}\" data-core-v316-plus=\"true\">\n\t\t<div class=\"elementor-element elementor-element-3d306b5 e-con-full e-flex e-con e-child\" data-id=\"3d306b5\" data-element_type=\"container\" data-settings=\"{&quot;content_width&quot;:&quot;full&quot;,&quot;background_background&quot;:&quot;classic&quot;}\">\n\t\t\t\t<\/div>\n\t\t\t\t<\/div>\n\t\t<div class=\"elementor-element elementor-element-df182f0 e-con-full elementor-hidden-desktop elementor-hidden-tablet e-flex e-con e-parent\" data-id=\"df182f0\" data-element_type=\"container\" data-settings=\"{&quot;content_width&quot;:&quot;full&quot;,&quot;background_background&quot;:&quot;classic&quot;}\" data-core-v316-plus=\"true\">\n\t\t<div class=\"elementor-element elementor-element-4857531 e-con-full e-flex e-con e-child\" data-id=\"4857531\" data-element_type=\"container\" data-settings=\"{&quot;content_width&quot;:&quot;full&quot;}\">\n\t\t<div class=\"elementor-element elementor-element-5540330 e-con-full e-flex e-con e-child\" data-id=\"5540330\" data-element_type=\"container\" data-settings=\"{&quot;content_width&quot;:&quot;full&quot;}\">\n\t\t\t\t<div class=\"elementor-element elementor-element-7f967d6 elementor-widget-mobile__width-initial elementor-widget elementor-widget-text-editor\" data-id=\"7f967d6\" data-element_type=\"widget\" data-widget_type=\"text-editor.default\">\n\t\t\t\t<div class=\"elementor-widget-container\">\n\t\t\t<style>\/*! elementor - v3.17.0 - 25-10-2023 *\/\n.elementor-widget-text-editor.elementor-drop-cap-view-stacked .elementor-drop-cap{background-color:#69727d;color:#fff}.elementor-widget-text-editor.elementor-drop-cap-view-framed .elementor-drop-cap{color:#69727d;border:3px solid;background-color:transparent}.elementor-widget-text-editor:not(.elementor-drop-cap-view-default) .elementor-drop-cap{margin-top:8px}.elementor-widget-text-editor:not(.elementor-drop-cap-view-default) .elementor-drop-cap-letter{width:1em;height:1em}.elementor-widget-text-editor .elementor-drop-cap{float:left;text-align:center;line-height:1;font-size:50px}.elementor-widget-text-editor .elementor-drop-cap-letter{display:inline-block}<\/style>\t\t\t\t<p><span style=\"color: #000000;\"><strong>M\u00e1quina de bola de t\u00eanis profissional ADIBO T500<\/strong><\/span><\/p>\t\t\t\t\t\t<\/div>\n\t\t\t\t<\/div>\n\t\t\t\t<\/div>\n\t\t\t\t<\/div>\n\t\t<div class=\"elementor-element elementor-element-6c4652d e-con-full e-flex e-con e-child\" data-id=\"6c4652d\" data-element_type=\"container\" data-settings=\"{&quot;content_width&quot;:&quot;full&quot;}\">\n\t\t\t\t<\/div>\n\t\t\t\t<\/div>\n\t\t<div class=\"elementor-element elementor-element-eda18a6 e-con-full elementor-hidden-desktop elementor-hidden-tablet e-flex e-con e-parent\" data-id=\"eda18a6\" data-element_type=\"container\" data-settings=\"{&quot;content_width&quot;:&quot;full&quot;,&quot;background_background&quot;:&quot;classic&quot;}\" data-core-v316-plus=\"true\">\n\t\t<div class=\"elementor-element elementor-element-b91279a e-con-full e-flex e-con e-child\" data-id=\"b91279a\" data-element_type=\"container\" data-settings=\"{&quot;content_width&quot;:&quot;full&quot;}\">\n\t\t<div class=\"elementor-element elementor-element-6b1ab0e e-con-full e-flex e-con e-child\" data-id=\"6b1ab0e\" data-element_type=\"container\" data-settings=\"{&quot;content_width&quot;:&quot;full&quot;}\">\n\t\t\t\t<div class=\"elementor-element elementor-element-018340c elementor-widget elementor-widget-text-editor\" data-id=\"018340c\" data-element_type=\"widget\" data-widget_type=\"text-editor.default\">\n\t\t\t\t<div class=\"elementor-widget-container\">\n\t\t\t\t\t\t\t<p><strong><span style=\"color: #ffffff;\">Tremonha remov\u00edvel de alta capacidade<\/span><\/strong><\/p>\t\t\t\t\t\t<\/div>\n\t\t\t\t<\/div>\n\t\t\t\t<\/div>\n\t\t\t\t<\/div>\n\t\t\t\t<\/div>\n\t\t<div class=\"elementor-element elementor-element-7dc4ea1 e-con-full elementor-hidden-desktop elementor-hidden-tablet e-flex e-con e-parent\" data-id=\"7dc4ea1\" data-element_type=\"container\" data-settings=\"{&quot;content_width&quot;:&quot;full&quot;,&quot;background_background&quot;:&quot;classic&quot;}\" data-core-v316-plus=\"true\">\n\t\t<div class=\"elementor-element elementor-element-fe24621 e-con-full e-flex e-con e-child\" data-id=\"fe24621\" data-element_type=\"container\" data-settings=\"{&quot;content_width&quot;:&quot;full&quot;}\">\n\t\t<div class=\"elementor-element elementor-element-00c0a0c e-con-full e-flex e-con e-child\" data-id=\"00c0a0c\" data-element_type=\"container\" data-settings=\"{&quot;content_width&quot;:&quot;full&quot;}\">\n\t\t\t\t<div class=\"elementor-element elementor-element-93753a3 elementor-widget elementor-widget-text-editor\" data-id=\"93753a3\" data-element_type=\"widget\" data-widget_type=\"text-editor.default\">\n\t\t\t\t<div class=\"elementor-widget-container\">\n\t\t\t\t\t\t\t<p style=\"text-align: center;\"><strong><span style=\"color: #ffffff;\">Bolas rasas e profundas de velocidade vari\u00e1vel<\/span><\/strong><\/p>\t\t\t\t\t\t<\/div>\n\t\t\t\t<\/div>\n\t\t\t\t<\/div>\n\t\t\t\t<\/div>\n\t\t\t\t<\/div>\n\t\t<div class=\"elementor-element elementor-element-e83b6ba e-con-full elementor-hidden-mobile e-flex e-con e-parent\" data-id=\"e83b6ba\" data-element_type=\"container\" data-settings=\"{&quot;content_width&quot;:&quot;full&quot;,&quot;background_background&quot;:&quot;classic&quot;}\" data-core-v316-plus=\"true\">\n\t\t<div class=\"elementor-element elementor-element-125ee70 e-con-full e-flex e-con e-child\" data-id=\"125ee70\" data-element_type=\"container\" data-settings=\"{&quot;content_width&quot;:&quot;full&quot;}\">\n\t\t<div class=\"elementor-element elementor-element-19068b2 e-con-full e-flex e-con e-child\" data-id=\"19068b2\" data-element_type=\"container\" data-settings=\"{&quot;content_width&quot;:&quot;full&quot;}\">\n\t\t\t\t<div class=\"elementor-element elementor-element-6e4f3bd elementor-widget elementor-widget-text-editor\" data-id=\"6e4f3bd\" data-element_type=\"widget\" data-widget_type=\"text-editor.default\">\n\t\t\t\t<div class=\"elementor-widget-container\">\n\t\t\t\t\t\t\t<table class=\"aligncenter\" style=\"border-collapse: collapse; width: 543.52pt;\" border=\"0\" width=\"1087\" cellspacing=\"0\" cellpadding=\"0\"><tbody><tr style=\"height: 14.00pt;\"><td class=\"et2\" style=\"height: 14pt; width: 172pt;\" width=\"344\" height=\"28\"><span style=\"color: #000000;\">\u00a0Marca:ADIBO<\/span><\/td><td class=\"et2\" style=\"width: 371.5pt;\" width=\"743\"><span style=\"color: #000000;\">Nome do produto: M\u00e1quina de bolas de t\u00eanis T500<\/span><\/td><\/tr><tr style=\"height: 14pt;\"><td class=\"et2\" style=\"height: 14pt;\" height=\"28\"><span style=\"color: #000000;\">Modelo: T500<\/span><\/td><td class=\"et2\"><span style=\"color: #000000;\">N\u00famero de bolas: 180<\/span><\/td><\/tr><tr style=\"height: 14pt;\"><td class=\"et2\" style=\"height: 14pt;\" height=\"28\"><span style=\"color: #000000;\">Cor:Preto<\/span><\/td><td class=\"et2\"><span style=\"color: #000000;\">Material: ABS + Metal<\/span><\/td><\/tr><tr style=\"height: 14pt;\"><td class=\"et2\" style=\"height: 14pt;\" height=\"28\"><span style=\"color: #000000;\">Pot\u00eancia do produto: 100W<\/span><\/td><td class=\"et2\"><span style=\"color: #000000;\">Voltagem do adaptador de energia: 110V\/220V<\/span><\/td><\/tr><tr style=\"height: 14pt;\"><td class=\"et2\" style=\"height: 14pt;\" height=\"28\"><span style=\"color: #000000;\">Tens\u00e3o nominal: DC24V10AH<\/span><\/td><td class=\"et2\"><span style=\"color: #000000;\">Tempo de opera\u00e7\u00e3o da bateria: 7-10 horas<\/span><\/td><\/tr><tr style=\"height: 14pt;\"><td class=\"et2\" style=\"height: 14pt;\" height=\"28\"><span style=\"color: #000000;\">Velocidade da bola: 20-140KM\/H<\/span><\/td><td class=\"et2\"><span style=\"color: #000000;\">Tipo de bateria: bateria de l\u00edtio interna\/externa (opcional)<\/span><\/td><\/tr><tr style=\"height: 14pt;\"><td class=\"et2\" style=\"height: 14pt;\" height=\"28\"><span style=\"color: #000000;\">Tamanho do produto: 49*38*50CM<\/span><\/td><td class=\"et2\"><span style=\"color: #000000;\">\u00c2ngulo ajust\u00e1vel vertical: 0-58 graus<\/span><\/td><\/tr><tr style=\"height: 14pt;\"><td class=\"et2\" style=\"height: 14pt;\" height=\"28\"><span style=\"color: #000000;\">Tamanho da caixa: 55*49*58CM<\/span><\/td><td class=\"et2\"><span style=\"color: #000000;\">Dist\u00e2ncia m\u00e1xima de sa\u00edda: 40M<\/span><\/td><\/tr><tr style=\"height: 14pt;\"><td class=\"et2\" style=\"height: 14pt;\" height=\"28\"><span style=\"color: #000000;\">Peso l\u00edquido: 21,5 kg<\/span><\/td><td class=\"et2\"><span style=\"color: #000000;\">Frequ\u00eancia do Tee: 1\u20138 segundos\/bola (depende da configura\u00e7\u00e3o do APP)<\/span><\/td><\/tr><tr style=\"height: 14pt;\"><td class=\"et2\" style=\"height: 14pt;\" height=\"28\"><span style=\"color: #000000;\">Peso bruto: 24,75 KG<\/span><\/td><td class=\"et2\"><span style=\"color: #000000;\">Carga da barra de dire\u00e7\u00e3o: Alum\u00ednio aeroespacial, carga m\u00e1xima de 80 kg<\/span><\/td><\/tr><\/tbody><\/table>\t\t\t\t\t\t<\/div>\n\t\t\t\t<\/div>\n\t\t\t\t<\/div>\n\t\t\t\t<\/div>\n\t\t\t\t<\/div>\n\t\t<div class=\"elementor-element elementor-element-097f3c0 e-con-full elementor-hidden-mobile e-flex e-con e-parent\" data-id=\"097f3c0\" data-element_type=\"container\" data-settings=\"{&quot;content_width&quot;:&quot;full&quot;,&quot;background_background&quot;:&quot;classic&quot;}\" data-core-v316-plus=\"true\">\n\t\t<div class=\"elementor-element elementor-element-60f72fb e-con-full e-flex e-con e-child\" data-id=\"60f72fb\" data-element_type=\"container\" data-settings=\"{&quot;content_width&quot;:&quot;full&quot;}\">\n\t\t<div class=\"elementor-element elementor-element-370a28b e-flex e-con-boxed e-con e-child\" data-id=\"370a28b\" data-element_type=\"container\" data-settings=\"{&quot;content_width&quot;:&quot;boxed&quot;}\">\n\t\t\t\t\t<div class=\"e-con-inner\">\n\t\t\t\t\t<\/div>\n\t\t\t\t<\/div>\n\t\t<div class=\"elementor-element elementor-element-7710c3c e-con-full e-flex e-con e-child\" data-id=\"7710c3c\" data-element_type=\"container\" data-settings=\"{&quot;content_width&quot;:&quot;full&quot;}\">\n\t\t<div class=\"elementor-element elementor-element-ed141b5 e-con-full e-flex e-con e-child\" data-id=\"ed141b5\" data-element_type=\"container\" data-settings=\"{&quot;content_width&quot;:&quot;full&quot;}\">\n\t\t\t\t<div class=\"elementor-element elementor-element-849b64b elementor-widget__width-inherit elementor-widget elementor-widget-text-editor\" data-id=\"849b64b\" data-element_type=\"widget\" data-widget_type=\"text-editor.default\">\n\t\t\t\t<div class=\"elementor-widget-container\">\n\t\t\t\t\t\t\t<p><strong><span style=\"color: #ffffff;\">Funil de carga de esferas autodesmont\u00e1vel<\/span><\/strong><\/p>\t\t\t\t\t\t<\/div>\n\t\t\t\t<\/div>\n\t\t\t\t<\/div>\n\t\t\t\t<\/div>\n\t\t\t\t<\/div>\n\t\t\t\t<\/div>\n\t\t<div class=\"elementor-element elementor-element-78e41b9 e-con-full elementor-hidden-mobile e-flex e-con e-parent\" data-id=\"78e41b9\" data-element_type=\"container\" data-settings=\"{&quot;background_background&quot;:&quot;classic&quot;,&quot;content_width&quot;:&quot;full&quot;}\" data-core-v316-plus=\"true\">\n\t\t<div class=\"elementor-element elementor-element-ab43e67 e-con-full e-flex e-con e-child\" data-id=\"ab43e67\" data-element_type=\"container\" data-settings=\"{&quot;content_width&quot;:&quot;full&quot;}\">\n\t\t<div class=\"elementor-element elementor-element-d9e456d e-con-full e-flex e-con e-child\" data-id=\"d9e456d\" data-element_type=\"container\" data-settings=\"{&quot;content_width&quot;:&quot;full&quot;}\">\n\t\t<div class=\"elementor-element elementor-element-ce1f998 e-con-full e-flex e-con e-child\" data-id=\"ce1f998\" data-element_type=\"container\" data-settings=\"{&quot;content_width&quot;:&quot;full&quot;}\">\n\t\t<div class=\"elementor-element elementor-element-2360dbd e-flex e-con-boxed e-con e-child\" data-id=\"2360dbd\" data-element_type=\"container\" data-settings=\"{&quot;content_width&quot;:&quot;boxed&quot;}\">\n\t\t\t\t\t<div class=\"e-con-inner\">\n\t\t\t\t<div class=\"elementor-element elementor-element-701a2fa elementor-widget__width-initial elementor-widget elementor-widget-text-editor\" data-id=\"701a2fa\" data-element_type=\"widget\" data-widget_type=\"text-editor.default\">\n\t\t\t\t<div class=\"elementor-widget-container\">\n\t\t\t\t\t\t\t<p><strong><span style=\"color: #ffffff;\">Distribuidor de bolas exclusivo no mundo todo<\/span><\/strong><\/p>\t\t\t\t\t\t<\/div>\n\t\t\t\t<\/div>\n\t\t\t\t\t<\/div>\n\t\t\t\t<\/div>\n\t\t\t\t<\/div>\n\t\t<div class=\"elementor-element elementor-element-99ae78b e-con-full e-flex e-con e-child\" data-id=\"99ae78b\" data-element_type=\"container\" data-settings=\"{&quot;content_width&quot;:&quot;full&quot;}\">\n\t\t\t\t<\/div>\n\t\t\t\t<\/div>\n\t\t\t\t<\/div>\n\t\t\t\t<\/div>\n\t\t<div class=\"elementor-element elementor-element-26d0c35 e-con-full e-flex e-con e-parent\" data-id=\"26d0c35\" data-element_type=\"container\" data-settings=\"{&quot;content_width&quot;:&quot;full&quot;,&quot;background_background&quot;:&quot;classic&quot;}\" data-core-v316-plus=\"true\">\n\t\t\t\t<\/div>\n\t\t<div class=\"elementor-element elementor-element-48c0822 e-con-full e-flex e-con e-parent\" data-id=\"48c0822\" data-element_type=\"container\" data-settings=\"{&quot;content_width&quot;:&quot;full&quot;,&quot;background_background&quot;:&quot;classic&quot;}\" data-core-v316-plus=\"true\">\n\t\t\t\t<\/div>\n\t\t<div class=\"elementor-element elementor-element-2d7342e e-con-full e-flex e-con e-parent\" data-id=\"2d7342e\" data-element_type=\"container\" data-settings=\"{&quot;content_width&quot;:&quot;full&quot;,&quot;background_background&quot;:&quot;classic&quot;}\" data-core-v316-plus=\"true\">\n\t\t\t\t<\/div>\n\t\t\t\t\t\t\t<\/div>","protected":false},"excerpt":{"rendered":"<p>T500 Technical Parameter Buy now ADIBO T500 Professional Tennis Ball Machine Removable High-Capacity Hopper Variable Speed Shallow and Deep Balls \u00a0Brand:ADIBO Product Name:T500 Tennis Ball Machine Model:T500 Number of balls:180 Colour:Black Material:ABS+Metal Product power:100W Power adapter voltage:110V\/220V Rated voltage:DC24V10AH Battery operating time:7-10 hours Ball speed:20-140KM\/H Battery type:built-in\/external lithium battery (optional) Product size:49*38*50CM Vertical adjustable angle:0-58 &hellip;<\/p>\n<p class=\"read-more\"> <a class=\"\" href=\"https:\/\/www.adibo.com\/pt\/t500\"> <span class=\"screen-reader-text\">T500<\/span> Consulte Mais informa\u00e7\u00e3o &quot;<\/a><\/p>","protected":false},"author":1,"featured_media":0,"parent":0,"menu_order":0,"comment_status":"closed","ping_status":"closed","template":"","meta":{"om_disable_all_campaigns":false,"site-sidebar-layout":"no-sidebar","site-content-layout":"page-builder","ast-site-content-layout":"full-width-container","site-content-style":"default","site-sidebar-style":"default","ast-global-header-display":"","ast-banner-title-visibility":"","ast-main-header-display":"","ast-hfb-above-header-display":"","ast-hfb-below-header-display":"","ast-hfb-mobile-header-display":"","site-post-title":"disabled","ast-breadcrumbs-content":"","ast-featured-img":"disabled","footer-sml-layout":"","theme-transparent-header-meta":"default","adv-header-id-meta":"","stick-header-meta":"default","header-above-stick-meta":"","header-main-stick-meta":"","header-below-stick-meta":"","astra-migrate-meta-layouts":"set","ast-page-background-enabled":"default","ast-page-background-meta":{"desktop":{"background-color":"var(--ast-global-color-4)","background-image":"","background-repeat":"repeat","background-position":"center center","background-size":"auto","background-attachment":"scroll","background-type":"","background-media":"","overlay-type":"","overlay-color":"","overlay-gradient":""},"tablet":{"background-color":"","background-image":"","background-repeat":"repeat","background-position":"center center","background-size":"auto","background-attachment":"scroll","background-type":"","background-media":"","overlay-type":"","overlay-color":"","overlay-gradient":""},"mobile":{"background-color":"","background-image":"","background-repeat":"repeat","background-position":"center center","background-size":"auto","background-attachment":"scroll","background-type":"","background-media":"","overlay-type":"","overlay-color":"","overlay-gradient":""}},"ast-content-background-meta":{"desktop":{"background-color":"var(--ast-global-color-5)","background-image":"","background-repeat":"repeat","background-position":"center center","background-size":"auto","background-attachment":"scroll","background-type":"","background-media":"","overlay-type":"","overlay-color":"","overlay-gradient":""},"tablet":{"background-color":"var(--ast-global-color-5)","background-image":"","background-repeat":"repeat","background-position":"center center","background-size":"auto","background-attachment":"scroll","background-type":"","background-media":"","overlay-type":"","overlay-color":"","overlay-gradient":""},"mobile":{"background-color":"var(--ast-global-color-5)","background-image":"","background-repeat":"repeat","background-position":"center center","background-size":"auto","background-attachment":"scroll","background-type":"","background-media":"","overlay-type":"","overlay-color":"","overlay-gradient":""}},"footnotes":""},"class_list":["post-2339","page","type-page","status-publish","hentry"],"_links":{"self":[{"href":"https:\/\/www.adibo.com\/pt\/wp-json\/wp\/v2\/pages\/2339","targetHints":{"allow":["GET"]}}],"collection":[{"href":"https:\/\/www.adibo.com\/pt\/wp-json\/wp\/v2\/pages"}],"about":[{"href":"https:\/\/www.adibo.com\/pt\/wp-json\/wp\/v2\/types\/page"}],"author":[{"embeddable":true,"href":"https:\/\/www.adibo.com\/pt\/wp-json\/wp\/v2\/users\/1"}],"replies":[{"embeddable":true,"href":"https:\/\/www.adibo.com\/pt\/wp-json\/wp\/v2\/comments?post=2339"}],"version-history":[{"count":3,"href":"https:\/\/www.adibo.com\/pt\/wp-json\/wp\/v2\/pages\/2339\/revisions"}],"predecessor-version":[{"id":3072,"href":"https:\/\/www.adibo.com\/pt\/wp-json\/wp\/v2\/pages\/2339\/revisions\/3072"}],"wp:attachment":[{"href":"https:\/\/www.adibo.com\/pt\/wp-json\/wp\/v2\/media?parent=2339"}],"curies":[{"name":"wp","href":"https:\/\/api.w.org\/{rel}","templated":true}]}}